{"id":872,"date":"2023-03-27T14:50:25","date_gmt":"2023-03-27T11:50:25","guid":{"rendered":"https:\/\/f-point.com.tr\/?page_id=872"},"modified":"2023-04-06T11:34:04","modified_gmt":"2023-04-06T08:34:04","slug":"f-07-05-transfer-tool-gripper-simulation","status":"publish","type":"page","link":"https:\/\/f-point.com.tr\/en\/urunler-2\/f-07-profiles-equipments\/f-07-05-transfer-tool-gripper-simulation\/","title":{"rendered":"F-07-05"},"content":{"rendered":"<p>[vc_row row_type=&#8221;row_full_center_content&#8221;][vc_column][vc_column_text]<img decoding=\"async\" class=\"aligncenter wp-image-882 size-full\" src=\"https:\/\/f-point.com.tr\/wp-content\/uploads\/2023\/03\/5.png\" alt=\"F-07-05\" width=\"384\" height=\"307\" srcset=\"https:\/\/f-point.com.tr\/wp-content\/uploads\/2023\/03\/5.png 384w, https:\/\/f-point.com.tr\/wp-content\/uploads\/2023\/03\/5-300x240.png 300w\" sizes=\"(max-width: 384px) 100vw, 384px\" \/>[\/vc_column_text][\/vc_column][\/vc_row][vc_row row_type=&#8221;row_full_center_content&#8221; bg_color=&#8221;#676767&#8243; padding_top=&#8221;40&#8243; padding_bottom=&#8221;40&#8243; class=&#8221;yazi&#8221;][vc_column]\n\t<div class=\"custom-heading wpb_content_element  text-center\">\n\t\t<h2 class=\"heading-title\"  style=\"color: #ffffff;\">\u00dcr\u00fcn A\u00e7\u0131klamas\u0131<\/h2>\n\t\t<span class=\"heading-line primary\"><\/span>\n\t<\/div>[vc_column_text el_class=&#8221;yazi&#8221;]<\/p>\n<p style=\"text-align: center;\">\u00d6l\u00e7\u00fc de\u011ferleri <a href=\"https:\/\/f-point.com.tr\/katalog-indir\/\">katalog<\/a> \u00fczerinden al\u0131nabilir.<\/p>\n<p>[\/vc_column_text][\/vc_column][\/vc_row][vc_row][vc_column]\n\t<div class=\"child-page-wrapper \">\n\t\t\t<script type=\"text\/javascript\">\n\t\t\t\tjQuery(document).ready(function(){\n\t\t\t\t\t\"use strict\";\n\t\t\t\t\tjQuery(\".carousel-wrapper-69e51422634a3\").slick({\n\t\t\t\t\t\trtl: false,\n\t\t\t\t\t\tslidesToShow: 3,\n                        autoplay: true ,\n                        autoplaySpeed: 3000 ,\n                        speed: 300 ,\n\t\t\t\t\t\tslidesToScroll: 1,\n\t\t\t\t\t\tdraggable: false,\n\t\t\t\t\t\tprevArrow: \"<span class='carousel-prev'><i class='fa fa-angle-left'><\/i><\/span>\",\n        \t\t\t\tnextArrow: \"<span class='carousel-next'><i class='fa fa-angle-right'><\/i><\/span>\",\n        \t\t\t\tresponsive: [{\n\t\t\t\t\t\t    breakpoint: 1024,\n\t\t\t\t\t\t    settings: {\n\t\t\t\t\t\t    slidesToShow: 3\n\t\t\t\t\t\t    }\n\t\t\t\t\t\t},\n\t\t\t\t\t\t{\n\t\t\t\t\t\t    breakpoint: 600,\n\t\t\t\t\t\t    settings: {\n\t\t\t\t\t\t    slidesToShow: 2\n\t\t\t\t\t\t    }\n\t\t\t\t\t\t},\n\t\t\t\t\t\t{\n\t\t\t\t\t\t    breakpoint: 480,\n\t\t\t\t\t\t    settings: {\n\t\t\t\t\t\t    slidesToShow: 1\n\t\t\t\t\t\t    }\n\t\t\t\t\t\t}]\n\t\t\t\t\t});\n\t\t\t\t});\n\t\t\t<\/script>\n\t\t<div class=\"grid-wrapper grid-3-columns grid-row carousel-wrapper-69e51422634a3\">\n\t\t\t<div class=\"grid-item grid-sm-6 grid-md-4\">\n\t\t\t\t<div class=\"grid-thumbnail\">\n\t\t\t\t\t<a href=\"https:\/\/f-point.com.tr\/en\/urunler-2\/f-07-profiles-equipments\/f-07-01-profile-transfer-arms-transfer-die\/\" title=\"F-07-01 Profile\"><img decoding=\"async\" width=\"372\" height=\"298\" src=\"https:\/\/f-point.com.tr\/wp-content\/uploads\/2023\/03\/1.png\" class=\"attachment-medium-thumb size-medium-thumb wp-post-image\" alt=\"F-07-01 Profile\" srcset=\"https:\/\/f-point.com.tr\/wp-content\/uploads\/2023\/03\/1.png 372w, https:\/\/f-point.com.tr\/wp-content\/uploads\/2023\/03\/1-300x240.png 300w\" sizes=\"(max-width: 372px) 100vw, 372px\" \/><\/a>\n\t\t\t\t<\/div>\n\t\t\t\t<h3 class=\"grid-title\"><a href=\"https:\/\/f-point.com.tr\/en\/urunler-2\/f-07-profiles-equipments\/f-07-01-profile-transfer-arms-transfer-die\/\" rel=\"bookmark\">F-07-01 Profile<\/a><\/h3>\n\n\t\t\t\t<p>[vc_row row_type=&#8221;row_full_center_content&#8221;][vc_column][vc_column_text][\/vc_column_text][\/vc_column][\/vc_row][vc_row row_type=&#8221;row_full_center_content&#8221; bg_color=&#8221;#676767&#8243; padding_top=&#8221;40&#8243; padding_bottom=&#8221;40&#8243; class=&#8221;yazi&#8221;][vc_column][vc_column_text el_class=&#8221;yazi&#8221;] \u00d6l\u00e7\u00fc de\u011ferleri katalog \u00fczerinden al\u0131nabilir. [\/vc_column_text][\/vc_column][\/vc_row][vc_row][vc_column][\/vc_column][\/vc_row]<\/p>\n\n\t\t\t\t<a class=\"grid-more\" href=\"https:\/\/f-point.com.tr\/en\/urunler-2\/f-07-profiles-equipments\/f-07-01-profile-transfer-arms-transfer-die\/\" title=\"F-07-01 Profile\">devam\u0131<\/a>\n\n\t\t\t<\/div>\n\t\t\t\n\t\t\t<div class=\"grid-item grid-sm-6 grid-md-4\">\n\t\t\t\t<div class=\"grid-thumbnail\">\n\t\t\t\t\t<a href=\"https:\/\/f-point.com.tr\/en\/urunler-2\/f-07-profiles-equipments\/f-07-02-profile-tooling-pneumatic-gripper\/\" title=\"F-07-02 Profile\"><img decoding=\"async\" width=\"469\" height=\"295\" src=\"https:\/\/f-point.com.tr\/wp-content\/uploads\/2023\/03\/2.png\" class=\"attachment-medium-thumb size-medium-thumb wp-post-image\" alt=\"F-07-02 Profile Tooling; Pneumatic Gripper\" srcset=\"https:\/\/f-point.com.tr\/wp-content\/uploads\/2023\/03\/2.png 469w, https:\/\/f-point.com.tr\/wp-content\/uploads\/2023\/03\/2-300x189.png 300w\" sizes=\"(max-width: 469px) 100vw, 469px\" \/><\/a>\n\t\t\t\t<\/div>\n\t\t\t\t<h3 class=\"grid-title\"><a href=\"https:\/\/f-point.com.tr\/en\/urunler-2\/f-07-profiles-equipments\/f-07-02-profile-tooling-pneumatic-gripper\/\" rel=\"bookmark\">F-07-02 Profile<\/a><\/h3>\n\n\t\t\t\t<p>[vc_row row_type=&#8221;row_full_center_content&#8221;][vc_column][vc_column_text][\/vc_column_text][\/vc_column][\/vc_row][vc_row row_type=&#8221;row_full_center_content&#8221; bg_color=&#8221;#676767&#8243; padding_top=&#8221;40&#8243; padding_bottom=&#8221;40&#8243; class=&#8221;yazi&#8221;][vc_column][vc_column_text el_class=&#8221;yazi&#8221;] \u00d6l\u00e7\u00fc de\u011ferleri katalog \u00fczerinden al\u0131nabilir. [\/vc_column_text][\/vc_column][\/vc_row][vc_row][vc_column][\/vc_column][\/vc_row][vc_row][vc_column][\/vc_column][\/vc_row]<\/p>\n\n\t\t\t\t<a class=\"grid-more\" href=\"https:\/\/f-point.com.tr\/en\/urunler-2\/f-07-profiles-equipments\/f-07-02-profile-tooling-pneumatic-gripper\/\" title=\"F-07-02 Profile\">devam\u0131<\/a>\n\n\t\t\t<\/div>\n\t\t\t\n\t\t\t<div class=\"grid-item grid-sm-6 grid-md-4\">\n\t\t\t\t<div class=\"grid-thumbnail\">\n\t\t\t\t\t<a href=\"https:\/\/f-point.com.tr\/en\/urunler-2\/f-07-profiles-equipments\/f-07-03-tooling-simulation-automation-transfer-arms\/\" title=\"F-07-03\"><img decoding=\"async\" width=\"371\" height=\"297\" src=\"https:\/\/f-point.com.tr\/wp-content\/uploads\/2023\/03\/3.png\" class=\"attachment-medium-thumb size-medium-thumb wp-post-image\" alt=\"F-07-03 simulation; automation; transfer arms\" srcset=\"https:\/\/f-point.com.tr\/wp-content\/uploads\/2023\/03\/3.png 371w, https:\/\/f-point.com.tr\/wp-content\/uploads\/2023\/03\/3-300x240.png 300w\" sizes=\"(max-width: 371px) 100vw, 371px\" \/><\/a>\n\t\t\t\t<\/div>\n\t\t\t\t<h3 class=\"grid-title\"><a href=\"https:\/\/f-point.com.tr\/en\/urunler-2\/f-07-profiles-equipments\/f-07-03-tooling-simulation-automation-transfer-arms\/\" rel=\"bookmark\">F-07-03<\/a><\/h3>\n\n\t\t\t\t<p>[vc_row row_type=&#8221;row_full_center_content&#8221;][vc_column][vc_column_text][\/vc_column_text][\/vc_column][\/vc_row][vc_row row_type=&#8221;row_full_center_content&#8221; bg_color=&#8221;#676767&#8243; padding_top=&#8221;40&#8243; padding_bottom=&#8221;40&#8243; class=&#8221;yazi&#8221;][vc_column][vc_column_text el_class=&#8221;yazi&#8221;] \u00d6l\u00e7\u00fc de\u011ferleri katalog \u00fczerinden al\u0131nabilir. [\/vc_column_text][\/vc_column][\/vc_row][vc_row][vc_column][\/vc_column][\/vc_row][vc_row][vc_column][\/vc_column][\/vc_row]<\/p>\n\n\t\t\t\t<a class=\"grid-more\" href=\"https:\/\/f-point.com.tr\/en\/urunler-2\/f-07-profiles-equipments\/f-07-03-tooling-simulation-automation-transfer-arms\/\" title=\"F-07-03\">devam\u0131<\/a>\n\n\t\t\t<\/div>\n\t\t\t\n\t\t\t<div class=\"grid-item grid-sm-6 grid-md-4\">\n\t\t\t\t<div class=\"grid-thumbnail\">\n\t\t\t\t\t<a href=\"https:\/\/f-point.com.tr\/en\/urunler-2\/f-07-profiles-equipments\/f-07-04-profile-transfer-tool-transfer-press\/\" title=\"F-07-04 Profile\"><img decoding=\"async\" width=\"379\" height=\"300\" src=\"https:\/\/f-point.com.tr\/wp-content\/uploads\/2023\/03\/4-379x300.png\" class=\"attachment-medium-thumb size-medium-thumb wp-post-image\" alt=\"F-07-04 Profile transfer tool; transfer press\" \/><\/a>\n\t\t\t\t<\/div>\n\t\t\t\t<h3 class=\"grid-title\"><a href=\"https:\/\/f-point.com.tr\/en\/urunler-2\/f-07-profiles-equipments\/f-07-04-profile-transfer-tool-transfer-press\/\" rel=\"bookmark\">F-07-04 Profile<\/a><\/h3>\n\n\t\t\t\t<p>[vc_row row_type=&#8221;row_full_center_content&#8221;][vc_column][vc_column_text] [\/vc_column_text][\/vc_column][\/vc_row][vc_row row_type=&#8221;row_full_center_content&#8221; bg_color=&#8221;#676767&#8243; padding_top=&#8221;40&#8243; padding_bottom=&#8221;40&#8243; class=&#8221;yazi&#8221;][vc_column][vc_column_text el_class=&#8221;yazi&#8221;] \u00d6l\u00e7\u00fc de\u011ferleri katalog \u00fczerinden al\u0131nabilir. [\/vc_column_text][\/vc_column][\/vc_row][vc_row][vc_column][\/vc_column][\/vc_row][vc_row][vc_column][\/vc_column][\/vc_row]<\/p>\n\n\t\t\t\t<a class=\"grid-more\" href=\"https:\/\/f-point.com.tr\/en\/urunler-2\/f-07-profiles-equipments\/f-07-04-profile-transfer-tool-transfer-press\/\" title=\"F-07-04 Profile\">devam\u0131<\/a>\n\n\t\t\t<\/div>\n\t\t\t\n\t\t\t<div class=\"grid-item grid-sm-6 grid-md-4\">\n\t\t\t\t<div class=\"grid-thumbnail\">\n\t\t\t\t\t<a href=\"https:\/\/f-point.com.tr\/en\/urunler-2\/f-07-profiles-equipments\/f-07-05-transfer-tool-gripper-simulation\/\" title=\"F-07-05\"><img decoding=\"async\" width=\"384\" height=\"300\" src=\"https:\/\/f-point.com.tr\/wp-content\/uploads\/2023\/03\/5-384x300.png\" class=\"attachment-medium-thumb size-medium-thumb wp-post-image\" alt=\"F-07-05 transfer tool; gripper; simulation\" \/><\/a>\n\t\t\t\t<\/div>\n\t\t\t\t<h3 class=\"grid-title\"><a href=\"https:\/\/f-point.com.tr\/en\/urunler-2\/f-07-profiles-equipments\/f-07-05-transfer-tool-gripper-simulation\/\" rel=\"bookmark\">F-07-05<\/a><\/h3>\n\n\t\t\t\t<p>[vc_row row_type=&#8221;row_full_center_content&#8221;][vc_column][vc_column_text][\/vc_column_text][\/vc_column][\/vc_row][vc_row row_type=&#8221;row_full_center_content&#8221; bg_color=&#8221;#676767&#8243; padding_top=&#8221;40&#8243; padding_bottom=&#8221;40&#8243; class=&#8221;yazi&#8221;][vc_column][vc_column_text el_class=&#8221;yazi&#8221;] \u00d6l\u00e7\u00fc de\u011ferleri katalog \u00fczerinden al\u0131nabilir. [\/vc_column_text][\/vc_column][\/vc_row][vc_row][vc_column][\/vc_column][\/vc_row]<\/p>\n\n\t\t\t\t<a class=\"grid-more\" href=\"https:\/\/f-point.com.tr\/en\/urunler-2\/f-07-profiles-equipments\/f-07-05-transfer-tool-gripper-simulation\/\" title=\"F-07-05\">devam\u0131<\/a>\n\n\t\t\t<\/div>\n\t\t\t\n\t\t<\/div>\n\t<\/div>[\/vc_column][\/vc_row]<\/p>\n","protected":false},"excerpt":{"rendered":"<p>[vc_row row_type=&#8221;row_full_center_content&#8221;][vc_column][vc_column_text][\/vc_column_text][\/vc_column][\/vc_row][vc_row row_type=&#8221;row_full_center_content&#8221; bg_color=&#8221;#676767&#8243; padding_top=&#8221;40&#8243; padding_bottom=&#8221;40&#8243; class=&#8221;yazi&#8221;][vc_column][vc_column_text el_class=&#8221;yazi&#8221;] \u00d6l\u00e7\u00fc de\u011ferleri katalog \u00fczerinden al\u0131nabilir. [\/vc_column_text][\/vc_column][\/vc_row][vc_row][vc_column][\/vc_column][\/vc_row]<\/p>\n","protected":false},"author":3,"featured_media":882,"parent":846,"menu_order":0,"comment_status":"closed","ping_status":"closed","template":"","meta":{"footnotes":""},"class_list":["post-872","page","type-page","status-publish","has-post-thumbnail","hentry"],"yoast_head":"<!-- This site is optimized with the Yoast SEO plugin v22.9 - https:\/\/yoast.com\/wordpress\/plugins\/seo\/ -->\n<title>F-07-05 - F-Point - Transfer Tool - Gripper - Simulation<\/title>\n<meta name=\"description\" content=\"pneumatic gripper, gripper, grippers, transfer tool, transfer arms, transfer press, transfer die, transfer solutions, simulation, automation\" \/>\n<meta name=\"robots\" content=\"index, follow, max-snippet:-1, max-image-preview:large, max-video-preview:-1\" \/>\n<link rel=\"canonical\" href=\"https:\/\/f-point.com.tr\/urunler-2\/f-07-profiles-equipments\/f-07-05-transfer-tool-gripper-simulation\/\" \/>\n<meta property=\"og:locale\" content=\"en_US\" \/>\n<meta property=\"og:type\" content=\"article\" \/>\n<meta property=\"og:title\" content=\"F-07-05 - F-Point - Transfer Tool - Gripper - Simulation\" \/>\n<meta property=\"og:description\" content=\"pneumatic gripper, gripper, grippers, transfer tool, transfer arms, transfer press, transfer die, transfer solutions, simulation, automation\" \/>\n<meta property=\"og:url\" content=\"https:\/\/f-point.com.tr\/urunler-2\/f-07-profiles-equipments\/f-07-05-transfer-tool-gripper-simulation\/\" \/>\n<meta property=\"og:site_name\" content=\"F-Point\" \/>\n<meta property=\"article:modified_time\" content=\"2023-04-06T08:34:04+00:00\" \/>\n<meta property=\"og:image\" content=\"https:\/\/f-point.com.tr\/wp-content\/uploads\/2023\/03\/5.png\" \/>\n\t<meta property=\"og:image:width\" content=\"384\" \/>\n\t<meta property=\"og:image:height\" content=\"307\" \/>\n\t<meta property=\"og:image:type\" content=\"image\/png\" \/>\n<meta name=\"twitter:card\" content=\"summary_large_image\" \/>\n<meta name=\"twitter:label1\" content=\"Est. reading time\" \/>\n\t<meta name=\"twitter:data1\" content=\"1 minute\" \/>\n<script type=\"application\/ld+json\" class=\"yoast-schema-graph\">{\"@context\":\"https:\/\/schema.org\",\"@graph\":[{\"@type\":\"WebPage\",\"@id\":\"https:\/\/f-point.com.tr\/urunler-2\/f-07-profiles-equipments\/f-07-05-transfer-tool-gripper-simulation\/\",\"url\":\"https:\/\/f-point.com.tr\/urunler-2\/f-07-profiles-equipments\/f-07-05-transfer-tool-gripper-simulation\/\",\"name\":\"F-07-05 - F-Point - Transfer Tool - Gripper - Simulation\",\"isPartOf\":{\"@id\":\"https:\/\/f-point.com.tr\/#website\"},\"primaryImageOfPage\":{\"@id\":\"https:\/\/f-point.com.tr\/urunler-2\/f-07-profiles-equipments\/f-07-05-transfer-tool-gripper-simulation\/#primaryimage\"},\"image\":{\"@id\":\"https:\/\/f-point.com.tr\/urunler-2\/f-07-profiles-equipments\/f-07-05-transfer-tool-gripper-simulation\/#primaryimage\"},\"thumbnailUrl\":\"https:\/\/f-point.com.tr\/wp-content\/uploads\/2023\/03\/5.png\",\"datePublished\":\"2023-03-27T11:50:25+00:00\",\"dateModified\":\"2023-04-06T08:34:04+00:00\",\"description\":\"pneumatic gripper, gripper, grippers, transfer tool, transfer arms, transfer press, transfer die, transfer solutions, simulation, automation\",\"breadcrumb\":{\"@id\":\"https:\/\/f-point.com.tr\/urunler-2\/f-07-profiles-equipments\/f-07-05-transfer-tool-gripper-simulation\/#breadcrumb\"},\"inLanguage\":\"en-US\",\"potentialAction\":[{\"@type\":\"ReadAction\",\"target\":[\"https:\/\/f-point.com.tr\/urunler-2\/f-07-profiles-equipments\/f-07-05-transfer-tool-gripper-simulation\/\"]}]},{\"@type\":\"ImageObject\",\"inLanguage\":\"en-US\",\"@id\":\"https:\/\/f-point.com.tr\/urunler-2\/f-07-profiles-equipments\/f-07-05-transfer-tool-gripper-simulation\/#primaryimage\",\"url\":\"https:\/\/f-point.com.tr\/wp-content\/uploads\/2023\/03\/5.png\",\"contentUrl\":\"https:\/\/f-point.com.tr\/wp-content\/uploads\/2023\/03\/5.png\",\"width\":384,\"height\":307,\"caption\":\"F-07-05 transfer tool; gripper; simulation\"},{\"@type\":\"BreadcrumbList\",\"@id\":\"https:\/\/f-point.com.tr\/urunler-2\/f-07-profiles-equipments\/f-07-05-transfer-tool-gripper-simulation\/#breadcrumb\",\"itemListElement\":[{\"@type\":\"ListItem\",\"position\":1,\"name\":\"Anasayfa\",\"item\":\"https:\/\/f-point.com.tr\/\"},{\"@type\":\"ListItem\",\"position\":2,\"name\":\"\u00dcR\u00dcNLER\",\"item\":\"https:\/\/f-point.com.tr\/urunler-2\/\"},{\"@type\":\"ListItem\",\"position\":3,\"name\":\"F-07 Prof\u0131les &#038; Equ\u0131pments\",\"item\":\"https:\/\/f-point.com.tr\/urunler-2\/f-07-profiles-equipments\/\"},{\"@type\":\"ListItem\",\"position\":4,\"name\":\"F-07-05\"}]},{\"@type\":\"WebSite\",\"@id\":\"https:\/\/f-point.com.tr\/#website\",\"url\":\"https:\/\/f-point.com.tr\/\",\"name\":\"F-Point\",\"description\":\"f-point\",\"potentialAction\":[{\"@type\":\"SearchAction\",\"target\":{\"@type\":\"EntryPoint\",\"urlTemplate\":\"https:\/\/f-point.com.tr\/?s={search_term_string}\"},\"query-input\":\"required name=search_term_string\"}],\"inLanguage\":\"en-US\"}]}<\/script>\n<!-- \/ Yoast SEO plugin. -->","yoast_head_json":{"title":"F-07-05 - F-Point - Transfer Tool - Gripper - Simulation","description":"pneumatic gripper, gripper, grippers, transfer tool, transfer arms, transfer press, transfer die, transfer solutions, simulation, automation","robots":{"index":"index","follow":"follow","max-snippet":"max-snippet:-1","max-image-preview":"max-image-preview:large","max-video-preview":"max-video-preview:-1"},"canonical":"https:\/\/f-point.com.tr\/urunler-2\/f-07-profiles-equipments\/f-07-05-transfer-tool-gripper-simulation\/","og_locale":"en_US","og_type":"article","og_title":"F-07-05 - F-Point - Transfer Tool - Gripper - Simulation","og_description":"pneumatic gripper, gripper, grippers, transfer tool, transfer arms, transfer press, transfer die, transfer solutions, simulation, automation","og_url":"https:\/\/f-point.com.tr\/urunler-2\/f-07-profiles-equipments\/f-07-05-transfer-tool-gripper-simulation\/","og_site_name":"F-Point","article_modified_time":"2023-04-06T08:34:04+00:00","og_image":[{"width":384,"height":307,"url":"https:\/\/f-point.com.tr\/wp-content\/uploads\/2023\/03\/5.png","type":"image\/png"}],"twitter_card":"summary_large_image","twitter_misc":{"Est. reading time":"1 minute"},"schema":{"@context":"https:\/\/schema.org","@graph":[{"@type":"WebPage","@id":"https:\/\/f-point.com.tr\/urunler-2\/f-07-profiles-equipments\/f-07-05-transfer-tool-gripper-simulation\/","url":"https:\/\/f-point.com.tr\/urunler-2\/f-07-profiles-equipments\/f-07-05-transfer-tool-gripper-simulation\/","name":"F-07-05 - F-Point - Transfer Tool - Gripper - Simulation","isPartOf":{"@id":"https:\/\/f-point.com.tr\/#website"},"primaryImageOfPage":{"@id":"https:\/\/f-point.com.tr\/urunler-2\/f-07-profiles-equipments\/f-07-05-transfer-tool-gripper-simulation\/#primaryimage"},"image":{"@id":"https:\/\/f-point.com.tr\/urunler-2\/f-07-profiles-equipments\/f-07-05-transfer-tool-gripper-simulation\/#primaryimage"},"thumbnailUrl":"https:\/\/f-point.com.tr\/wp-content\/uploads\/2023\/03\/5.png","datePublished":"2023-03-27T11:50:25+00:00","dateModified":"2023-04-06T08:34:04+00:00","description":"pneumatic gripper, gripper, grippers, transfer tool, transfer arms, transfer press, transfer die, transfer solutions, simulation, automation","breadcrumb":{"@id":"https:\/\/f-point.com.tr\/urunler-2\/f-07-profiles-equipments\/f-07-05-transfer-tool-gripper-simulation\/#breadcrumb"},"inLanguage":"en-US","potentialAction":[{"@type":"ReadAction","target":["https:\/\/f-point.com.tr\/urunler-2\/f-07-profiles-equipments\/f-07-05-transfer-tool-gripper-simulation\/"]}]},{"@type":"ImageObject","inLanguage":"en-US","@id":"https:\/\/f-point.com.tr\/urunler-2\/f-07-profiles-equipments\/f-07-05-transfer-tool-gripper-simulation\/#primaryimage","url":"https:\/\/f-point.com.tr\/wp-content\/uploads\/2023\/03\/5.png","contentUrl":"https:\/\/f-point.com.tr\/wp-content\/uploads\/2023\/03\/5.png","width":384,"height":307,"caption":"F-07-05 transfer tool; gripper; simulation"},{"@type":"BreadcrumbList","@id":"https:\/\/f-point.com.tr\/urunler-2\/f-07-profiles-equipments\/f-07-05-transfer-tool-gripper-simulation\/#breadcrumb","itemListElement":[{"@type":"ListItem","position":1,"name":"Anasayfa","item":"https:\/\/f-point.com.tr\/"},{"@type":"ListItem","position":2,"name":"\u00dcR\u00dcNLER","item":"https:\/\/f-point.com.tr\/urunler-2\/"},{"@type":"ListItem","position":3,"name":"F-07 Prof\u0131les &#038; Equ\u0131pments","item":"https:\/\/f-point.com.tr\/urunler-2\/f-07-profiles-equipments\/"},{"@type":"ListItem","position":4,"name":"F-07-05"}]},{"@type":"WebSite","@id":"https:\/\/f-point.com.tr\/#website","url":"https:\/\/f-point.com.tr\/","name":"F-Point","description":"f-point","potentialAction":[{"@type":"SearchAction","target":{"@type":"EntryPoint","urlTemplate":"https:\/\/f-point.com.tr\/?s={search_term_string}"},"query-input":"required name=search_term_string"}],"inLanguage":"en-US"}]}},"_links":{"self":[{"href":"https:\/\/f-point.com.tr\/en\/wp-json\/wp\/v2\/pages\/872","targetHints":{"allow":["GET"]}}],"collection":[{"href":"https:\/\/f-point.com.tr\/en\/wp-json\/wp\/v2\/pages"}],"about":[{"href":"https:\/\/f-point.com.tr\/en\/wp-json\/wp\/v2\/types\/page"}],"author":[{"embeddable":true,"href":"https:\/\/f-point.com.tr\/en\/wp-json\/wp\/v2\/users\/3"}],"replies":[{"embeddable":true,"href":"https:\/\/f-point.com.tr\/en\/wp-json\/wp\/v2\/comments?post=872"}],"version-history":[{"count":9,"href":"https:\/\/f-point.com.tr\/en\/wp-json\/wp\/v2\/pages\/872\/revisions"}],"predecessor-version":[{"id":1095,"href":"https:\/\/f-point.com.tr\/en\/wp-json\/wp\/v2\/pages\/872\/revisions\/1095"}],"up":[{"embeddable":true,"href":"https:\/\/f-point.com.tr\/en\/wp-json\/wp\/v2\/pages\/846"}],"wp:featuredmedia":[{"embeddable":true,"href":"https:\/\/f-point.com.tr\/en\/wp-json\/wp\/v2\/media\/882"}],"wp:attachment":[{"href":"https:\/\/f-point.com.tr\/en\/wp-json\/wp\/v2\/media?parent=872"}],"curies":[{"name":"wp","href":"https:\/\/api.w.org\/{rel}","templated":true}]}}