{"id":479,"date":"2023-03-24T11:07:09","date_gmt":"2023-03-24T08:07:09","guid":{"rendered":"https:\/\/f-point.com.tr\/?page_id=479"},"modified":"2023-04-06T16:58:23","modified_gmt":"2023-04-06T13:58:23","slug":"f-02y-01-15-gripper-transfer-press","status":"publish","type":"page","link":"https:\/\/f-point.com.tr\/en\/urunler-2\/f-02y-grippers\/f-02y-01-15-gripper-transfer-press\/","title":{"rendered":"F-02Y-01-15 Gripper"},"content":{"rendered":"<p>[vc_row row_type=&#8221;row_full_center_content&#8221;][vc_column width=&#8221;1\/2&#8243;][vc_column_text]<img decoding=\"async\" class=\"alignnone wp-image-463 size-large\" src=\"https:\/\/f-point.com.tr\/wp-content\/uploads\/2023\/03\/F-02Y-01-15-2-1024x795.jpg\" alt=\"F-02Y-01-15 Gripper\" width=\"800\" height=\"621\" \/>[\/vc_column_text][\/vc_column][vc_column width=&#8221;1\/2&#8243;][vc_tta_tour][vc_tta_section i_icon_fontawesome=&#8221;fa fa-cubes&#8221; add_icon=&#8221;true&#8221; title=&#8221;3D&#8221; tab_id=&#8221;1670687804362-8452800a-6fc0&#8243; el_class=&#8221;icon&#8221;][vc_raw_html]JTNDaWZyYW1lJTIwd2lkdGglM0QlMjIxMDAlMjUlMjIlMjBoZWlnaHQlM0QlMjIzMjAlMjIlMjBzcmMlM0QlMjJodHRwcyUzQSUyRiUyRmIyYi5wYXJ0Y29tbXVuaXR5LmNvbSUyRmNvbW11bml0eSUyRnBhcnRjbG91ZCUyRmVtYmVkZGVkLmh0bWwlM0Zyb3V0ZSUzRGVtYmVkZGVkJTI2bmFtZSUzREYtMDJZLTAxLTE1JTI2bW9kZWxfaWQlM0QxMzUwMjElMjZwb3J0YWwlM0RwYXJ0Y2xvdWQlMjZzaG93RGVzY3JpcHRpb24lM0RmYWxzZSUyNnNob3dMaWNlbnNlJTNEZmFsc2UlMjZzaG93RG93bmxvYWRCdXR0b24lM0RmYWxzZSUyNnNob3dIb3RzcG90cyUzRGZhbHNlJTI2bm9BdXRvbG9hZCUzRGZhbHNlJTI2YXV0b1JvdGF0ZSUzRGZhbHNlJTI2aGlkZU1lbnUlM0RmYWxzZSUyNnRvcENvbG9yJTNEJTI1MjNkZGU3ZWQlMjZib3R0b21Db2xvciUzRCUyNTIzZmZmZmZmJTI2Y2FtZXJhUGFyYW1zJTNEZmFsc2UlMjZ2YXJzZXR0cmFuc2ZlciUzRCUyMiUyMGZyYW1lYm9yZGVyJTNEJTIyMCUyMiUyMGlkJTNEJTIyRW1iZWRkZWRWaWV3LUlmcmFtZS0xMzUwMjElMjIlMjBhbGxvd2Z1bGxzY3JlZW4lM0UlM0MlMkZpZnJhbWUlM0U=[\/vc_raw_html][\/vc_tta_section][vc_tta_section i_icon_fontawesome=&#8221;fa fa-cloud-download&#8221; add_icon=&#8221;true&#8221; title=&#8221;STP&#8221; tab_id=&#8221;1670687804403-282e3c0a-e0f9&#8243; el_class=&#8221;icon&#8221;][vc_btn title=&#8221;Dosya indir&#8221; color=&#8221;warning&#8221; size=&#8221;lg&#8221; align=&#8221;center&#8221; button_block=&#8221;true&#8221; link=&#8221;url:https%3A%2F%2Ff-point.com.tr%2Furunler-2%2Ff-02y-grippers%2Ff-02y-01-15-gripper-transfer-press%2Ff-02y-01-15-dosya-indir%2F|title:F01%2001%2015%20A%C3%A7%C4%B1k%20Girppen%20Dosya%20%C4%B0ndir||&#8221;][\/vc_tta_section][\/vc_tta_tour][\/vc_column][\/vc_row][vc_row row_type=&#8221;row_full_center_content&#8221; bg_color=&#8221;#676767&#8243; padding_top=&#8221;40&#8243; padding_bottom=&#8221;40&#8243; class=&#8221;yazi&#8221;][vc_column]\n\t<div class=\"custom-heading wpb_content_element  text-center\">\n\t\t<h2 class=\"heading-title\"  style=\"color: #ffffff;\">\u00dcr\u00fcn A\u00e7\u0131klamas\u0131<\/h2>\n\t\t<span class=\"heading-line primary\"><\/span>\n\t<\/div>[vc_column_text el_class=&#8221;yazi&#8221;]<\/p>\n<p style=\"text-align: center;\">Gripper \u00f6l\u00e7\u00fc de\u011ferleri <a href=\"https:\/\/f-point.com.tr\/katalog-indir\/\">katalog<\/a> \u00fczerinden al\u0131nabilir.<\/p>\n<p>[\/vc_column_text][\/vc_column][\/vc_row][vc_row][vc_column]\n\t<div class=\"child-page-wrapper \">\n\t\t\t<script type=\"text\/javascript\">\n\t\t\t\tjQuery(document).ready(function(){\n\t\t\t\t\t\"use strict\";\n\t\t\t\t\tjQuery(\".carousel-wrapper-69e513efa8299\").slick({\n\t\t\t\t\t\trtl: false,\n\t\t\t\t\t\tslidesToShow: 3,\n                        autoplay: true ,\n                        autoplaySpeed: 3000 ,\n                        speed: 300 ,\n\t\t\t\t\t\tslidesToScroll: 1,\n\t\t\t\t\t\tdraggable: false,\n\t\t\t\t\t\tprevArrow: \"<span class='carousel-prev'><i class='fa fa-angle-left'><\/i><\/span>\",\n        \t\t\t\tnextArrow: \"<span class='carousel-next'><i class='fa fa-angle-right'><\/i><\/span>\",\n        \t\t\t\tresponsive: [{\n\t\t\t\t\t\t    breakpoint: 1024,\n\t\t\t\t\t\t    settings: {\n\t\t\t\t\t\t    slidesToShow: 3\n\t\t\t\t\t\t    }\n\t\t\t\t\t\t},\n\t\t\t\t\t\t{\n\t\t\t\t\t\t    breakpoint: 600,\n\t\t\t\t\t\t    settings: {\n\t\t\t\t\t\t    slidesToShow: 2\n\t\t\t\t\t\t    }\n\t\t\t\t\t\t},\n\t\t\t\t\t\t{\n\t\t\t\t\t\t    breakpoint: 480,\n\t\t\t\t\t\t    settings: {\n\t\t\t\t\t\t    slidesToShow: 1\n\t\t\t\t\t\t    }\n\t\t\t\t\t\t}]\n\t\t\t\t\t});\n\t\t\t\t});\n\t\t\t<\/script>\n\t\t<div class=\"grid-wrapper grid-3-columns grid-row carousel-wrapper-69e513efa8299\">\n\t\t\t<div class=\"grid-item grid-sm-6 grid-md-4\">\n\t\t\t\t<div class=\"grid-thumbnail\">\n\t\t\t\t\t<a href=\"https:\/\/f-point.com.tr\/en\/urunler-2\/f-02y-grippers\/f-02y-01-15-gripper-transfer-press\/\" title=\"F-02Y-01-15 Gripper\"><img decoding=\"async\" width=\"600\" height=\"300\" src=\"https:\/\/f-point.com.tr\/wp-content\/uploads\/2023\/03\/F-02Y-01-15-1-scaled-e1679645421538-600x300.jpg\" class=\"attachment-medium-thumb size-medium-thumb wp-post-image\" alt=\"F-02Y-01-15 Gripper gripper; transfer solutions; simulation\" srcset=\"https:\/\/f-point.com.tr\/wp-content\/uploads\/2023\/03\/F-02Y-01-15-1-scaled-e1679645421538-600x300.jpg 600w, https:\/\/f-point.com.tr\/wp-content\/uploads\/2023\/03\/F-02Y-01-15-1-scaled-e1679645421538-400x200.jpg 400w, https:\/\/f-point.com.tr\/wp-content\/uploads\/2023\/03\/F-02Y-01-15-1-scaled-e1679645421538-800x400.jpg 800w\" sizes=\"(max-width: 600px) 100vw, 600px\" \/><\/a>\n\t\t\t\t<\/div>\n\t\t\t\t<h3 class=\"grid-title\"><a href=\"https:\/\/f-point.com.tr\/en\/urunler-2\/f-02y-grippers\/f-02y-01-15-gripper-transfer-press\/\" rel=\"bookmark\">F-02Y-01-15 Gripper<\/a><\/h3>\n\n\t\t\t\t<p>[vc_row row_type=&#8221;row_full_center_content&#8221;][vc_column width=&#8221;1\/2&#8243;][vc_column_text][\/vc_column_text][\/vc_column][vc_column width=&#8221;1\/2&#8243;][vc_tta_tour][vc_tta_section i_icon_fontawesome=&#8221;fa fa-cubes&#8221; add_icon=&#8221;true&#8221; title=&#8221;3D&#8221; tab_id=&#8221;1670687804362-8452800a-6fc0&#8243; el_class=&#8221;icon&#8221;][vc_raw_html]JTNDaWZyYW1lJTIwd2lkdGglM0QlMjIxMDAlMjUlMjIlMjBoZWlnaHQlM0QlMjIzMjAlMjIlMjBzcmMlM0QlMjJodHRwcyUzQSUyRiUyRmIyYi5wYXJ0Y29tbXVuaXR5LmNvbSUyRmNvbW11bml0eSUyRnBhcnRjbG91ZCUyRmVtYmVkZGVkLmh0bWwlM0Zyb3V0ZSUzRGVtYmVkZGVkJTI2bmFtZSUzREYtMDJZLTAxLTE1JTI2bW9kZWxfaWQlM0QxMzUwMjElMjZwb3J0YWwlM0RwYXJ0Y2xvdWQlMjZzaG93RGVzY3JpcHRpb24lM0RmYWxzZSUyNnNob3dMaWNlbnNlJTNEZmFsc2UlMjZzaG93RG93bmxvYWRCdXR0b24lM0RmYWxzZSUyNnNob3dIb3RzcG90cyUzRGZhbHNlJTI2bm9BdXRvbG9hZCUzRGZhbHNlJTI2YXV0b1JvdGF0ZSUzRGZhbHNlJTI2aGlkZU1lbnUlM0RmYWxzZSUyNnRvcENvbG9yJTNEJTI1MjNkZGU3ZWQlMjZib3R0b21Db2xvciUzRCUyNTIzZmZmZmZmJTI2Y2FtZXJhUGFyYW1zJTNEZmFsc2UlMjZ2YXJzZXR0cmFuc2ZlciUzRCUyMiUyMGZyYW1lYm9yZGVyJTNEJTIyMCUyMiUyMGlkJTNEJTIyRW1iZWRkZWRWaWV3LUlmcmFtZS0xMzUwMjElMjIlMjBhbGxvd2Z1bGxzY3JlZW4lM0UlM0MlMkZpZnJhbWUlM0U=[\/vc_raw_html][\/vc_tta_section][vc_tta_section i_icon_fontawesome=&#8221;fa fa-cloud-download&#8221; add_icon=&#8221;true&#8221; title=&#8221;STP&#8221; tab_id=&#8221;1670687804403-282e3c0a-e0f9&#8243; el_class=&#8221;icon&#8221;][vc_btn title=&#8221;Dosya indir&#8221; color=&#8221;warning&#8221; size=&#8221;lg&#8221; align=&#8221;center&#8221; ...<\/p>\n\n\t\t\t\t<a class=\"grid-more\" href=\"https:\/\/f-point.com.tr\/en\/urunler-2\/f-02y-grippers\/f-02y-01-15-gripper-transfer-press\/\" title=\"F-02Y-01-15 Gripper\">devam\u0131<\/a>\n\n\t\t\t<\/div>\n\t\t\t\n\t\t\t<div class=\"grid-item grid-sm-6 grid-md-4\">\n\t\t\t\t<div class=\"grid-thumbnail\">\n\t\t\t\t\t<a href=\"https:\/\/f-point.com.tr\/en\/urunler-2\/f-02y-grippers\/f-02y-02-30-gripper-transfer-arms-gripper\/\" title=\"F-02Y-02-30 Gripper\"><img decoding=\"async\" width=\"600\" height=\"300\" src=\"https:\/\/f-point.com.tr\/wp-content\/uploads\/2023\/03\/F-02Y-02-30-scaled-e1679572142324-600x300.jpg\" class=\"attachment-medium-thumb size-medium-thumb wp-post-image\" alt=\"F-02Y-02-30 Gripper\" srcset=\"https:\/\/f-point.com.tr\/wp-content\/uploads\/2023\/03\/F-02Y-02-30-scaled-e1679572142324-600x300.jpg 600w, https:\/\/f-point.com.tr\/wp-content\/uploads\/2023\/03\/F-02Y-02-30-scaled-e1679572142324-400x200.jpg 400w, https:\/\/f-point.com.tr\/wp-content\/uploads\/2023\/03\/F-02Y-02-30-scaled-e1679572142324-800x400.jpg 800w\" sizes=\"(max-width: 600px) 100vw, 600px\" \/><\/a>\n\t\t\t\t<\/div>\n\t\t\t\t<h3 class=\"grid-title\"><a href=\"https:\/\/f-point.com.tr\/en\/urunler-2\/f-02y-grippers\/f-02y-02-30-gripper-transfer-arms-gripper\/\" rel=\"bookmark\">F-02Y-02-30 Gripper<\/a><\/h3>\n\n\t\t\t\t<p>[vc_row row_type=&#8221;row_full_center_content&#8221;][vc_column width=&#8221;1\/2&#8243;][vc_column_text][\/vc_column_text][\/vc_column][vc_column width=&#8221;1\/2&#8243;][vc_tta_tour][vc_tta_section i_icon_fontawesome=&#8221;fa fa-cubes&#8221; add_icon=&#8221;true&#8221; title=&#8221;3D&#8221; tab_id=&#8221;1670687804362-8452800a-6fc0&#8243; el_class=&#8221;icon&#8221;][vc_raw_html]JTNDaWZyYW1lJTIwd2lkdGglM0QlMjIxMDAlMjUlMjIlMjBoZWlnaHQlM0QlMjIzMjAlMjIlMjBzcmMlM0QlMjJodHRwcyUzQSUyRiUyRmIyYi5wYXJ0Y29tbXVuaXR5LmNvbSUyRmNvbW11bml0eSUyRnBhcnRjbG91ZCUyRmVtYmVkZGVkLmh0bWwlM0Zyb3V0ZSUzRGVtYmVkZGVkJTI2bmFtZSUzREYtMDJZLTAyLTMwJTI2bW9kZWxfaWQlM0QxMzUwMjMlMjZwb3J0YWwlM0RwYXJ0Y2xvdWQlMjZzaG93RGVzY3JpcHRpb24lM0RmYWxzZSUyNnNob3dMaWNlbnNlJTNEZmFsc2UlMjZzaG93RG93bmxvYWRCdXR0b24lM0RmYWxzZSUyNnNob3dIb3RzcG90cyUzRGZhbHNlJTI2bm9BdXRvbG9hZCUzRGZhbHNlJTI2YXV0b1JvdGF0ZSUzRGZhbHNlJTI2aGlkZU1lbnUlM0RmYWxzZSUyNnRvcENvbG9yJTNEJTI1MjNkZGU3ZWQlMjZib3R0b21Db2xvciUzRCUyNTIzZmZmZmZmJTI2Y2FtZXJhUGFyYW1zJTNEZmFsc2UlMjZ2YXJzZXR0cmFuc2ZlciUzRCUyMiUyMGZyYW1lYm9yZGVyJTNEJTIyMCUyMiUyMGlkJTNEJTIyRW1iZWRkZWRWaWV3LUlmcmFtZS0xMzUwMjMlMjIlMjBhbGxvd2Z1bGxzY3JlZW4lM0UlM0MlMkZpZnJhbWUlM0U=[\/vc_raw_html][\/vc_tta_section][vc_tta_section i_icon_fontawesome=&#8221;fa fa-cloud-download&#8221; add_icon=&#8221;true&#8221; title=&#8221;STP&#8221; tab_id=&#8221;1670687804403-282e3c0a-e0f9&#8243; el_class=&#8221;icon&#8221;][vc_btn title=&#8221;Dosya indir&#8221; color=&#8221;warning&#8221; size=&#8221;lg&#8221; align=&#8221;center&#8221; ...<\/p>\n\n\t\t\t\t<a class=\"grid-more\" href=\"https:\/\/f-point.com.tr\/en\/urunler-2\/f-02y-grippers\/f-02y-02-30-gripper-transfer-arms-gripper\/\" title=\"F-02Y-02-30 Gripper\">devam\u0131<\/a>\n\n\t\t\t<\/div>\n\t\t\t\n\t\t\t<div class=\"grid-item grid-sm-6 grid-md-4\">\n\t\t\t\t<div class=\"grid-thumbnail\">\n\t\t\t\t\t<a href=\"https:\/\/f-point.com.tr\/en\/urunler-2\/f-02y-grippers\/f-02y-03-55-gripper-transfer-press-pneumatic-gripper\/\" title=\"F-02Y-03-55 Gripper\"><img decoding=\"async\" width=\"600\" height=\"300\" src=\"https:\/\/f-point.com.tr\/wp-content\/uploads\/2023\/03\/F-02Y-03-55-2-scaled-e1679646574264-600x300.jpg\" class=\"attachment-medium-thumb size-medium-thumb wp-post-image\" alt=\"F-02Y-03-55 Gripper\" srcset=\"https:\/\/f-point.com.tr\/wp-content\/uploads\/2023\/03\/F-02Y-03-55-2-scaled-e1679646574264-600x300.jpg 600w, https:\/\/f-point.com.tr\/wp-content\/uploads\/2023\/03\/F-02Y-03-55-2-scaled-e1679646574264-400x200.jpg 400w, https:\/\/f-point.com.tr\/wp-content\/uploads\/2023\/03\/F-02Y-03-55-2-scaled-e1679646574264-800x400.jpg 800w\" sizes=\"(max-width: 600px) 100vw, 600px\" \/><\/a>\n\t\t\t\t<\/div>\n\t\t\t\t<h3 class=\"grid-title\"><a href=\"https:\/\/f-point.com.tr\/en\/urunler-2\/f-02y-grippers\/f-02y-03-55-gripper-transfer-press-pneumatic-gripper\/\" rel=\"bookmark\">F-02Y-03-55 Gripper<\/a><\/h3>\n\n\t\t\t\t<p>[vc_row row_type=&#8221;row_full_center_content&#8221;][vc_column width=&#8221;1\/2&#8243;][vc_column_text][\/vc_column_text][\/vc_column][vc_column width=&#8221;1\/2&#8243;][vc_tta_tour][vc_tta_section i_icon_fontawesome=&#8221;fa fa-cubes&#8221; add_icon=&#8221;true&#8221; title=&#8221;3D&#8221; tab_id=&#8221;1670687804362-8452800a-6fc0&#8243; el_class=&#8221;icon&#8221;][vc_raw_html]JTNDaWZyYW1lJTIwd2lkdGglM0QlMjIxMDAlMjUlMjIlMjBoZWlnaHQlM0QlMjIzMjAlMjIlMjBzcmMlM0QlMjJodHRwcyUzQSUyRiUyRmIyYi5wYXJ0Y29tbXVuaXR5LmNvbSUyRmNvbW11bml0eSUyRnBhcnRjbG91ZCUyRmVtYmVkZGVkLmh0bWwlM0Zyb3V0ZSUzRGVtYmVkZGVkJTI2bmFtZSUzREYtMDJZLTAzLTU1JTI2bW9kZWxfaWQlM0QxMzUwMjUlMjZwb3J0YWwlM0RwYXJ0Y2xvdWQlMjZzaG93RGVzY3JpcHRpb24lM0RmYWxzZSUyNnNob3dMaWNlbnNlJTNEZmFsc2UlMjZzaG93RG93bmxvYWRCdXR0b24lM0RmYWxzZSUyNnNob3dIb3RzcG90cyUzRGZhbHNlJTI2bm9BdXRvbG9hZCUzRGZhbHNlJTI2YXV0b1JvdGF0ZSUzRGZhbHNlJTI2aGlkZU1lbnUlM0RmYWxzZSUyNnRvcENvbG9yJTNEJTI1MjNkZGU3ZWQlMjZib3R0b21Db2xvciUzRCUyNTIzZmZmZmZmJTI2Y2FtZXJhUGFyYW1zJTNEZmFsc2UlMjZ2YXJzZXR0cmFuc2ZlciUzRCUyMiUyMGZyYW1lYm9yZGVyJTNEJTIyMCUyMiUyMGlkJTNEJTIyRW1iZWRkZWRWaWV3LUlmcmFtZS0xMzUwMjUlMjIlMjBhbGxvd2Z1bGxzY3JlZW4lM0UlM0MlMkZpZnJhbWUlM0U=[\/vc_raw_html][\/vc_tta_section][vc_tta_section i_icon_fontawesome=&#8221;fa fa-cloud-download&#8221; add_icon=&#8221;true&#8221; title=&#8221;STP&#8221; tab_id=&#8221;1670687804403-282e3c0a-e0f9&#8243; el_class=&#8221;icon&#8221;][vc_btn title=&#8221;Dosya indir&#8221; color=&#8221;warning&#8221; size=&#8221;lg&#8221; align=&#8221;center&#8221; ...<\/p>\n\n\t\t\t\t<a class=\"grid-more\" href=\"https:\/\/f-point.com.tr\/en\/urunler-2\/f-02y-grippers\/f-02y-03-55-gripper-transfer-press-pneumatic-gripper\/\" title=\"F-02Y-03-55 Gripper\">devam\u0131<\/a>\n\n\t\t\t<\/div>\n\t\t\t\n\t\t\t<div class=\"grid-item grid-sm-6 grid-md-4\">\n\t\t\t\t<div class=\"grid-thumbnail\">\n\t\t\t\t\t<a href=\"https:\/\/f-point.com.tr\/en\/urunler-2\/f-02y-grippers\/f-02y-01-15-uz-gripper\/\" title=\"F-02Y-01-15-UZ Gripper\"><img decoding=\"async\" width=\"600\" height=\"300\" src=\"https:\/\/f-point.com.tr\/wp-content\/uploads\/2026\/01\/F-02Y-01-15-UZ-KAPALI.9-600x300.png\" class=\"attachment-medium-thumb size-medium-thumb wp-post-image\" alt=\"\" srcset=\"https:\/\/f-point.com.tr\/wp-content\/uploads\/2026\/01\/F-02Y-01-15-UZ-KAPALI.9-600x300.png 600w, https:\/\/f-point.com.tr\/wp-content\/uploads\/2026\/01\/F-02Y-01-15-UZ-KAPALI.9-400x200.png 400w, https:\/\/f-point.com.tr\/wp-content\/uploads\/2026\/01\/F-02Y-01-15-UZ-KAPALI.9-800x400.png 800w\" sizes=\"(max-width: 600px) 100vw, 600px\" \/><\/a>\n\t\t\t\t<\/div>\n\t\t\t\t<h3 class=\"grid-title\"><a href=\"https:\/\/f-point.com.tr\/en\/urunler-2\/f-02y-grippers\/f-02y-01-15-uz-gripper\/\" rel=\"bookmark\">F-02Y-01-15-UZ Gripper<\/a><\/h3>\n\n\t\t\t\t<p>[vc_row row_type=&#8221;row_full_center_content&#8221;][vc_column width=&#8221;1\/2&#8243;][vc_column_text][\/vc_column_text][\/vc_column][vc_column width=&#8221;1\/2&#8243;][vc_tta_tour][vc_tta_section i_icon_fontawesome=&#8221;fa fa-cubes&#8221; add_icon=&#8221;true&#8221; title=&#8221;3D&#8221; tab_id=&#8221;1670687804362-8452800a-6fc0&#8243; el_class=&#8221;icon&#8221;][vc_raw_html]JTNDaWZyYW1lJTIwd2lkdGglM0QlMjIxMDAlMjUlMjIlMjBoZWlnaHQlM0QlMjIzMjAlMjIlMjBzcmMlM0QlMjJodHRwcyUzQSUyRiUyRmIyYi5wYXJ0Y29tbXVuaXR5LmNvbSUyRmNvbW11bml0eSUyRnBhcnRjbG91ZCUyRmVtYmVkZGVkLmh0bWwlM0Zyb3V0ZSUzRGVtYmVkZGVkJTI2bmFtZSUzREYtMDJZLTAxLTE1JTI2bW9kZWxfaWQlM0QxMzUwMjElMjZwb3J0YWwlM0RwYXJ0Y2xvdWQlMjZzaG93RGVzY3JpcHRpb24lM0RmYWxzZSUyNnNob3dMaWNlbnNlJTNEZmFsc2UlMjZzaG93RG93bmxvYWRCdXR0b24lM0RmYWxzZSUyNnNob3dIb3RzcG90cyUzRGZhbHNlJTI2bm9BdXRvbG9hZCUzRGZhbHNlJTI2YXV0b1JvdGF0ZSUzRGZhbHNlJTI2aGlkZU1lbnUlM0RmYWxzZSUyNnRvcENvbG9yJTNEJTI1MjNkZGU3ZWQlMjZib3R0b21Db2xvciUzRCUyNTIzZmZmZmZmJTI2Y2FtZXJhUGFyYW1zJTNEZmFsc2UlMjZ2YXJzZXR0cmFuc2ZlciUzRCUyMiUyMGZyYW1lYm9yZGVyJTNEJTIyMCUyMiUyMGlkJTNEJTIyRW1iZWRkZWRWaWV3LUlmcmFtZS0xMzUwMjElMjIlMjBhbGxvd2Z1bGxzY3JlZW4lM0UlM0MlMkZpZnJhbWUlM0U=[\/vc_raw_html][\/vc_tta_section][vc_tta_section i_icon_fontawesome=&#8221;fa fa-cloud-download&#8221; add_icon=&#8221;true&#8221; title=&#8221;STP&#8221; tab_id=&#8221;1670687804403-282e3c0a-e0f9&#8243; el_class=&#8221;icon&#8221;][vc_btn title=&#8221;Dosya indir&#8221; color=&#8221;warning&#8221; size=&#8221;lg&#8221; align=&#8221;center&#8221; ...<\/p>\n\n\t\t\t\t<a class=\"grid-more\" href=\"https:\/\/f-point.com.tr\/en\/urunler-2\/f-02y-grippers\/f-02y-01-15-uz-gripper\/\" title=\"F-02Y-01-15-UZ Gripper\">devam\u0131<\/a>\n\n\t\t\t<\/div>\n\t\t\t\n\t\t<\/div>\n\t<\/div>[\/vc_column][\/vc_row]<\/p>\n","protected":false},"excerpt":{"rendered":"<p>[vc_row row_type=&#8221;row_full_center_content&#8221;][vc_column width=&#8221;1\/2&#8243;][vc_column_text][\/vc_column_text][\/vc_column][vc_column width=&#8221;1\/2&#8243;][vc_tta_tour][vc_tta_section i_icon_fontawesome=&#8221;fa fa-cubes&#8221; add_icon=&#8221;true&#8221; title=&#8221;3D&#8221; tab_id=&#8221;1670687804362-8452800a-6fc0&#8243; el_class=&#8221;icon&#8221;][vc_raw_html]JTNDaWZyYW1lJTIwd2lkdGglM0QlMjIxMDAlMjUlMjIlMjBoZWlnaHQlM0QlMjIzMjAlMjIlMjBzcmMlM0QlMjJodHRwcyUzQSUyRiUyRmIyYi5wYXJ0Y29tbXVuaXR5LmNvbSUyRmNvbW11bml0eSUyRnBhcnRjbG91ZCUyRmVtYmVkZGVkLmh0bWwlM0Zyb3V0ZSUzRGVtYmVkZGVkJTI2bmFtZSUzREYtMDJZLTAxLTE1JTI2bW9kZWxfaWQlM0QxMzUwMjElMjZwb3J0YWwlM0RwYXJ0Y2xvdWQlMjZzaG93RGVzY3JpcHRpb24lM0RmYWxzZSUyNnNob3dMaWNlbnNlJTNEZmFsc2UlMjZzaG93RG93bmxvYWRCdXR0b24lM0RmYWxzZSUyNnNob3dIb3RzcG90cyUzRGZhbHNlJTI2bm9BdXRvbG9hZCUzRGZhbHNlJTI2YXV0b1JvdGF0ZSUzRGZhbHNlJTI2aGlkZU1lbnUlM0RmYWxzZSUyNnRvcENvbG9yJTNEJTI1MjNkZGU3ZWQlMjZib3R0b21Db2xvciUzRCUyNTIzZmZmZmZmJTI2Y2FtZXJhUGFyYW1zJTNEZmFsc2UlMjZ2YXJzZXR0cmFuc2ZlciUzRCUyMiUyMGZyYW1lYm9yZGVyJTNEJTIyMCUyMiUyMGlkJTNEJTIyRW1iZWRkZWRWaWV3LUlmcmFtZS0xMzUwMjElMjIlMjBhbGxvd2Z1bGxzY3JlZW4lM0UlM0MlMkZpZnJhbWUlM0U=[\/vc_raw_html][\/vc_tta_section][vc_tta_section i_icon_fontawesome=&#8221;fa fa-cloud-download&#8221; add_icon=&#8221;true&#8221; title=&#8221;STP&#8221; tab_id=&#8221;1670687804403-282e3c0a-e0f9&#8243; el_class=&#8221;icon&#8221;][vc_btn title=&#8221;Dosya indir&#8221; color=&#8221;warning&#8221; size=&#8221;lg&#8221; align=&#8221;center&#8221; &#8230;<\/p>\n","protected":false},"author":3,"featured_media":462,"parent":475,"menu_order":0,"comment_status":"closed","ping_status":"closed","template":"","meta":{"footnotes":""},"class_list":["post-479","page","type-page","status-publish","has-post-thumbnail","hentry"],"yoast_head":"<!-- This site is optimized with the Yoast SEO plugin v22.9 - https:\/\/yoast.com\/wordpress\/plugins\/seo\/ -->\n<title>F-02Y-01-15 Gripper - F-Point - Gripper - Transfer Press<\/title>\n<meta name=\"description\" content=\"Gripper, Transfer Press, pneumatic gripper,grippers, transfer tool, transfer arms, transfer die, transfer solutions, simulation, automation\" \/>\n<meta name=\"robots\" content=\"index, follow, max-snippet:-1, max-image-preview:large, max-video-preview:-1\" \/>\n<link rel=\"canonical\" href=\"https:\/\/f-point.com.tr\/urunler-2\/f-02y-grippers\/f-02y-01-15-gripper-transfer-press\/\" \/>\n<meta property=\"og:locale\" content=\"en_US\" \/>\n<meta property=\"og:type\" content=\"article\" \/>\n<meta property=\"og:title\" content=\"F-02Y-01-15 Gripper - F-Point - Gripper - Transfer Press\" \/>\n<meta property=\"og:description\" content=\"Gripper, Transfer Press, pneumatic gripper,grippers, transfer tool, transfer arms, transfer die, transfer solutions, simulation, automation\" \/>\n<meta property=\"og:url\" content=\"https:\/\/f-point.com.tr\/urunler-2\/f-02y-grippers\/f-02y-01-15-gripper-transfer-press\/\" \/>\n<meta property=\"og:site_name\" content=\"F-Point\" \/>\n<meta property=\"article:modified_time\" content=\"2023-04-06T13:58:23+00:00\" \/>\n<meta property=\"og:image\" content=\"https:\/\/f-point.com.tr\/wp-content\/uploads\/2023\/03\/F-02Y-01-15-1-scaled-e1679645421538.jpg\" \/>\n\t<meta property=\"og:image:width\" content=\"1000\" \/>\n\t<meta property=\"og:image:height\" content=\"777\" \/>\n\t<meta property=\"og:image:type\" content=\"image\/jpeg\" \/>\n<meta name=\"twitter:card\" content=\"summary_large_image\" \/>\n<meta name=\"twitter:label1\" content=\"Est. reading time\" \/>\n\t<meta name=\"twitter:data1\" content=\"1 minute\" \/>\n<script type=\"application\/ld+json\" class=\"yoast-schema-graph\">{\"@context\":\"https:\/\/schema.org\",\"@graph\":[{\"@type\":\"WebPage\",\"@id\":\"https:\/\/f-point.com.tr\/urunler-2\/f-02y-grippers\/f-02y-01-15-gripper-transfer-press\/\",\"url\":\"https:\/\/f-point.com.tr\/urunler-2\/f-02y-grippers\/f-02y-01-15-gripper-transfer-press\/\",\"name\":\"F-02Y-01-15 Gripper - F-Point - Gripper - Transfer Press\",\"isPartOf\":{\"@id\":\"https:\/\/f-point.com.tr\/#website\"},\"primaryImageOfPage\":{\"@id\":\"https:\/\/f-point.com.tr\/urunler-2\/f-02y-grippers\/f-02y-01-15-gripper-transfer-press\/#primaryimage\"},\"image\":{\"@id\":\"https:\/\/f-point.com.tr\/urunler-2\/f-02y-grippers\/f-02y-01-15-gripper-transfer-press\/#primaryimage\"},\"thumbnailUrl\":\"https:\/\/f-point.com.tr\/wp-content\/uploads\/2023\/03\/F-02Y-01-15-1-scaled-e1679645421538.jpg\",\"datePublished\":\"2023-03-24T08:07:09+00:00\",\"dateModified\":\"2023-04-06T13:58:23+00:00\",\"description\":\"Gripper, Transfer Press, pneumatic gripper,grippers, transfer tool, transfer arms, transfer die, transfer solutions, simulation, automation\",\"breadcrumb\":{\"@id\":\"https:\/\/f-point.com.tr\/urunler-2\/f-02y-grippers\/f-02y-01-15-gripper-transfer-press\/#breadcrumb\"},\"inLanguage\":\"en-US\",\"potentialAction\":[{\"@type\":\"ReadAction\",\"target\":[\"https:\/\/f-point.com.tr\/urunler-2\/f-02y-grippers\/f-02y-01-15-gripper-transfer-press\/\"]}]},{\"@type\":\"ImageObject\",\"inLanguage\":\"en-US\",\"@id\":\"https:\/\/f-point.com.tr\/urunler-2\/f-02y-grippers\/f-02y-01-15-gripper-transfer-press\/#primaryimage\",\"url\":\"https:\/\/f-point.com.tr\/wp-content\/uploads\/2023\/03\/F-02Y-01-15-1-scaled-e1679645421538.jpg\",\"contentUrl\":\"https:\/\/f-point.com.tr\/wp-content\/uploads\/2023\/03\/F-02Y-01-15-1-scaled-e1679645421538.jpg\",\"width\":1000,\"height\":777,\"caption\":\"F-02Y-01-15 Gripper gripper; transfer solutions; simulation\"},{\"@type\":\"BreadcrumbList\",\"@id\":\"https:\/\/f-point.com.tr\/urunler-2\/f-02y-grippers\/f-02y-01-15-gripper-transfer-press\/#breadcrumb\",\"itemListElement\":[{\"@type\":\"ListItem\",\"position\":1,\"name\":\"Anasayfa\",\"item\":\"https:\/\/f-point.com.tr\/\"},{\"@type\":\"ListItem\",\"position\":2,\"name\":\"\u00dcR\u00dcNLER\",\"item\":\"https:\/\/f-point.com.tr\/urunler-2\/\"},{\"@type\":\"ListItem\",\"position\":3,\"name\":\"F-02Y Gr\u0131ppers\",\"item\":\"https:\/\/f-point.com.tr\/urunler-2\/f-02y-grippers\/\"},{\"@type\":\"ListItem\",\"position\":4,\"name\":\"F-02Y-01-15 Gripper\"}]},{\"@type\":\"WebSite\",\"@id\":\"https:\/\/f-point.com.tr\/#website\",\"url\":\"https:\/\/f-point.com.tr\/\",\"name\":\"F-Point\",\"description\":\"f-point\",\"potentialAction\":[{\"@type\":\"SearchAction\",\"target\":{\"@type\":\"EntryPoint\",\"urlTemplate\":\"https:\/\/f-point.com.tr\/?s={search_term_string}\"},\"query-input\":\"required name=search_term_string\"}],\"inLanguage\":\"en-US\"}]}<\/script>\n<!-- \/ Yoast SEO plugin. -->","yoast_head_json":{"title":"F-02Y-01-15 Gripper - F-Point - Gripper - Transfer Press","description":"Gripper, Transfer Press, pneumatic gripper,grippers, transfer tool, transfer arms, transfer die, transfer solutions, simulation, automation","robots":{"index":"index","follow":"follow","max-snippet":"max-snippet:-1","max-image-preview":"max-image-preview:large","max-video-preview":"max-video-preview:-1"},"canonical":"https:\/\/f-point.com.tr\/urunler-2\/f-02y-grippers\/f-02y-01-15-gripper-transfer-press\/","og_locale":"en_US","og_type":"article","og_title":"F-02Y-01-15 Gripper - F-Point - Gripper - Transfer Press","og_description":"Gripper, Transfer Press, pneumatic gripper,grippers, transfer tool, transfer arms, transfer die, transfer solutions, simulation, automation","og_url":"https:\/\/f-point.com.tr\/urunler-2\/f-02y-grippers\/f-02y-01-15-gripper-transfer-press\/","og_site_name":"F-Point","article_modified_time":"2023-04-06T13:58:23+00:00","og_image":[{"width":1000,"height":777,"url":"https:\/\/f-point.com.tr\/wp-content\/uploads\/2023\/03\/F-02Y-01-15-1-scaled-e1679645421538.jpg","type":"image\/jpeg"}],"twitter_card":"summary_large_image","twitter_misc":{"Est. reading time":"1 minute"},"schema":{"@context":"https:\/\/schema.org","@graph":[{"@type":"WebPage","@id":"https:\/\/f-point.com.tr\/urunler-2\/f-02y-grippers\/f-02y-01-15-gripper-transfer-press\/","url":"https:\/\/f-point.com.tr\/urunler-2\/f-02y-grippers\/f-02y-01-15-gripper-transfer-press\/","name":"F-02Y-01-15 Gripper - F-Point - Gripper - Transfer Press","isPartOf":{"@id":"https:\/\/f-point.com.tr\/#website"},"primaryImageOfPage":{"@id":"https:\/\/f-point.com.tr\/urunler-2\/f-02y-grippers\/f-02y-01-15-gripper-transfer-press\/#primaryimage"},"image":{"@id":"https:\/\/f-point.com.tr\/urunler-2\/f-02y-grippers\/f-02y-01-15-gripper-transfer-press\/#primaryimage"},"thumbnailUrl":"https:\/\/f-point.com.tr\/wp-content\/uploads\/2023\/03\/F-02Y-01-15-1-scaled-e1679645421538.jpg","datePublished":"2023-03-24T08:07:09+00:00","dateModified":"2023-04-06T13:58:23+00:00","description":"Gripper, Transfer Press, pneumatic gripper,grippers, transfer tool, transfer arms, transfer die, transfer solutions, simulation, automation","breadcrumb":{"@id":"https:\/\/f-point.com.tr\/urunler-2\/f-02y-grippers\/f-02y-01-15-gripper-transfer-press\/#breadcrumb"},"inLanguage":"en-US","potentialAction":[{"@type":"ReadAction","target":["https:\/\/f-point.com.tr\/urunler-2\/f-02y-grippers\/f-02y-01-15-gripper-transfer-press\/"]}]},{"@type":"ImageObject","inLanguage":"en-US","@id":"https:\/\/f-point.com.tr\/urunler-2\/f-02y-grippers\/f-02y-01-15-gripper-transfer-press\/#primaryimage","url":"https:\/\/f-point.com.tr\/wp-content\/uploads\/2023\/03\/F-02Y-01-15-1-scaled-e1679645421538.jpg","contentUrl":"https:\/\/f-point.com.tr\/wp-content\/uploads\/2023\/03\/F-02Y-01-15-1-scaled-e1679645421538.jpg","width":1000,"height":777,"caption":"F-02Y-01-15 Gripper gripper; transfer solutions; simulation"},{"@type":"BreadcrumbList","@id":"https:\/\/f-point.com.tr\/urunler-2\/f-02y-grippers\/f-02y-01-15-gripper-transfer-press\/#breadcrumb","itemListElement":[{"@type":"ListItem","position":1,"name":"Anasayfa","item":"https:\/\/f-point.com.tr\/"},{"@type":"ListItem","position":2,"name":"\u00dcR\u00dcNLER","item":"https:\/\/f-point.com.tr\/urunler-2\/"},{"@type":"ListItem","position":3,"name":"F-02Y Gr\u0131ppers","item":"https:\/\/f-point.com.tr\/urunler-2\/f-02y-grippers\/"},{"@type":"ListItem","position":4,"name":"F-02Y-01-15 Gripper"}]},{"@type":"WebSite","@id":"https:\/\/f-point.com.tr\/#website","url":"https:\/\/f-point.com.tr\/","name":"F-Point","description":"f-point","potentialAction":[{"@type":"SearchAction","target":{"@type":"EntryPoint","urlTemplate":"https:\/\/f-point.com.tr\/?s={search_term_string}"},"query-input":"required name=search_term_string"}],"inLanguage":"en-US"}]}},"_links":{"self":[{"href":"https:\/\/f-point.com.tr\/en\/wp-json\/wp\/v2\/pages\/479","targetHints":{"allow":["GET"]}}],"collection":[{"href":"https:\/\/f-point.com.tr\/en\/wp-json\/wp\/v2\/pages"}],"about":[{"href":"https:\/\/f-point.com.tr\/en\/wp-json\/wp\/v2\/types\/page"}],"author":[{"embeddable":true,"href":"https:\/\/f-point.com.tr\/en\/wp-json\/wp\/v2\/users\/3"}],"replies":[{"embeddable":true,"href":"https:\/\/f-point.com.tr\/en\/wp-json\/wp\/v2\/comments?post=479"}],"version-history":[{"count":13,"href":"https:\/\/f-point.com.tr\/en\/wp-json\/wp\/v2\/pages\/479\/revisions"}],"predecessor-version":[{"id":1102,"href":"https:\/\/f-point.com.tr\/en\/wp-json\/wp\/v2\/pages\/479\/revisions\/1102"}],"up":[{"embeddable":true,"href":"https:\/\/f-point.com.tr\/en\/wp-json\/wp\/v2\/pages\/475"}],"wp:featuredmedia":[{"embeddable":true,"href":"https:\/\/f-point.com.tr\/en\/wp-json\/wp\/v2\/media\/462"}],"wp:attachment":[{"href":"https:\/\/f-point.com.tr\/en\/wp-json\/wp\/v2\/media?parent=479"}],"curies":[{"name":"wp","href":"https:\/\/api.w.org\/{rel}","templated":true}]}}