{"id":1669,"date":"2026-01-30T14:05:34","date_gmt":"2026-01-30T11:05:34","guid":{"rendered":"https:\/\/f-point.com.tr\/?page_id=1669"},"modified":"2026-02-26T21:52:08","modified_gmt":"2026-02-26T18:52:08","slug":"f-02m-gripper","status":"publish","type":"page","link":"https:\/\/f-point.com.tr\/en\/urunler-2\/f-02m-gripper\/","title":{"rendered":"F-02M Gripper"},"content":{"rendered":"<div id=\"wpmem_restricted_msg\"><p>This content is restricted to site members.  If you are an existing user, please log in.  New users may register below.<\/p><\/div><div id=\"wpmem_login\"><a id=\"login\"><\/a><form action=\"https:\/\/f-point.com.tr\/en\/urunler-2\/f-02tf-90d-grippers\/f-02tf-op90-02-30-90d-gripper\/f-02tf-op90-02-30-90d-dosya-indir\/\" method=\"POST\" id=\"wpmem_login_form\" class=\"form\"><input type=\"hidden\" id=\"_wpmem_login_nonce\" name=\"_wpmem_login_nonce\" value=\"942d3e85e0\" \/><input type=\"hidden\" name=\"_wp_http_referer\" value=\"\/en\/wp-json\/wp\/v2\/pages\/1669\" \/><fieldset><legend>Existing Users Log In<\/legend><label for=\"log\">Username or Email<\/label><div class=\"div_text\"><input name=\"log\" type=\"text\" id=\"log\" value=\"\" class=\"username\" required  \/><\/div><label for=\"pwd\">Password<\/label><div class=\"div_text\"><input name=\"pwd\" type=\"password\" id=\"pwd\" class=\"password\" required  \/><\/div><input name=\"a\" type=\"hidden\" value=\"login\" \/><input name=\"redirect_to\" type=\"hidden\" value=\"https:\/\/f-point.com.tr\/en\/urunler-2\/f-02tf-90d-grippers\/f-02tf-op90-02-30-90d-gripper\/f-02tf-op90-02-30-90d-dosya-indir\/\" \/><div class=\"button_div\"><input name=\"rememberme\" type=\"checkbox\" id=\"rememberme\" value=\"forever\" \/>&nbsp;<label for=\"rememberme\">Remember Me<\/label>&nbsp;&nbsp;<input type=\"submit\" name=\"Submit\" value=\"Log In\" class=\"buttons\" \/><\/div><\/fieldset><\/form><\/div><div id=\"wpmem_reg\"><a id=\"register\"><\/a><form name=\"form\" method=\"post\" action=\"https:\/\/f-point.com.tr\/en\/urunler-2\/f-02tf-90d-grippers\/f-02tf-op90-02-30-90d-gripper\/f-02tf-op90-02-30-90d-dosya-indir\/\" id=\"wpmem_register_form\" class=\"form\"><input type=\"hidden\" id=\"_wpmem_register_nonce\" name=\"_wpmem_register_nonce\" value=\"5172d28108\" \/><input type=\"hidden\" name=\"_wp_http_referer\" value=\"\/en\/wp-json\/wp\/v2\/pages\/1669\" \/><fieldset><legend>New User Registration<\/legend><label for=\"username\" class=\"text\">Choose a Username<span class=\"req\">*<\/span><\/label><div class=\"div_text\"><input name=\"username\" type=\"text\" id=\"username\" value=\"\" class=\"textbox\" required  \/><\/div><label for=\"first_name\" class=\"text\">First Name<span class=\"req\">*<\/span><\/label><div class=\"div_text\"><input name=\"first_name\" type=\"text\" id=\"first_name\" value=\"\" class=\"textbox\" required  \/><\/div><label for=\"last_name\" class=\"text\">Last Name<span class=\"req\">*<\/span><\/label><div class=\"div_text\"><input name=\"last_name\" type=\"text\" id=\"last_name\" value=\"\" class=\"textbox\" required  \/><\/div><label for=\"firma\" class=\"text\">Firma<span class=\"req\">*<\/span><\/label><div class=\"div_text\"><input name=\"firma\" type=\"text\" id=\"firma\" value=\"\" class=\"textbox\" required  \/><\/div><label for=\"billing_address_1\" class=\"text\">Addres<span class=\"req\">*<\/span><\/label><div class=\"div_text\"><input name=\"billing_address_1\" type=\"text\" id=\"billing_address_1\" value=\"\" class=\"textbox\" required  \/><\/div><label for=\"billing_city\" class=\"text\">City<span class=\"req\">*<\/span><\/label><div class=\"div_text\"><input name=\"billing_city\" type=\"text\" id=\"billing_city\" value=\"\" class=\"textbox\" required  \/><\/div><label for=\"billing_country\" class=\"text\">Country<span class=\"req\">*<\/span><\/label><div class=\"div_text\"><input name=\"billing_country\" type=\"text\" id=\"billing_country\" value=\"\" class=\"textbox\" required  \/><\/div><label for=\"billing_phone\" class=\"text\">Phone<span class=\"req\">*<\/span><\/label><div class=\"div_text\"><input name=\"billing_phone\" type=\"text\" id=\"billing_phone\" value=\"\" class=\"textbox\" required  \/><\/div><label for=\"user_email\" class=\"text\">Email<span class=\"req\">*<\/span><\/label><div class=\"div_text\"><input name=\"user_email\" type=\"email\" id=\"user_email\" value=\"\" class=\"textbox\" required  \/><\/div><label for=\"confirm_email\" class=\"text\">E-mail Onay<span class=\"req\">*<\/span><\/label><div class=\"div_text\"><input name=\"confirm_email\" type=\"email\" id=\"confirm_email\" value=\"\" class=\"textbox\" required  \/><\/div><label for=\"password\" class=\"text\">Password<span class=\"req\">*<\/span><\/label><div class=\"div_text\"><input name=\"password\" type=\"password\" id=\"password\" class=\"textbox\" required  \/><\/div><label for=\"confirm_password\" class=\"text\">\u015eifreyi Onayla<span class=\"req\">*<\/span><\/label><div class=\"div_text\"><input name=\"confirm_password\" type=\"password\" id=\"confirm_password\" class=\"textbox\" required  \/><\/div><label for=\"kullanim\" class=\"checkbox\">Kullan\u0131m \u015eartlar\u0131n\u0131 Kabul Ediyorum. (Sitede yer alan materyaller payla\u015f\u0131lamaz, \u00e7o\u011falt\u0131lamaz. T\u00fcm haklar\u0131 F-point&#039;e aittir.)<span class=\"req\">*<\/span><\/label><div class=\"div_checkbox\"><input name=\"kullanim\" type=\"checkbox\" id=\"kullanim\" value=\"kullan\" required  \/><\/div><input name=\"a\" type=\"hidden\" value=\"register\" \/><input name=\"wpmem_reg_page\" type=\"hidden\" value=\"https:\/\/f-point.com.tr\/en\/urunler-2\/f-02tf-90d-grippers\/f-02tf-op90-02-30-90d-gripper\/f-02tf-op90-02-30-90d-dosya-indir\/\" \/><div class=\"button_div\"><input name=\"submit\" type=\"submit\" value=\"Register\" class=\"buttons\" \/><\/div><div class=\"req-text\"><span class=\"req\">*<\/span>Required field<\/div><\/fieldset><\/form><\/div>","protected":false},"excerpt":{"rendered":"<p>This content is restricted to site members. If you are an existing user, please log in. New users may register below.Existing &#8230;<\/p>\n","protected":false},"author":1,"featured_media":1672,"parent":50,"menu_order":66,"comment_status":"closed","ping_status":"closed","template":"","meta":{"footnotes":""},"class_list":["post-1669","page","type-page","status-publish","has-post-thumbnail","hentry"],"yoast_head":"<!-- This site is optimized with the Yoast SEO plugin v22.9 - https:\/\/yoast.com\/wordpress\/plugins\/seo\/ -->\n<title>F-02M Gripper F-Point - Pneumatic Gripper<\/title>\n<meta name=\"description\" content=\"pneumatic gripper, gripper, grippers, transfer tool, transfer arms, transfer press, transfer die, transfer solutions, simulation, automation\" \/>\n<meta name=\"robots\" content=\"index, follow, max-snippet:-1, max-image-preview:large, max-video-preview:-1\" \/>\n<link rel=\"canonical\" href=\"https:\/\/f-point.com.tr\/urunler-2\/f-02m-gripper\/\" \/>\n<meta property=\"og:locale\" content=\"en_US\" \/>\n<meta property=\"og:type\" content=\"article\" \/>\n<meta property=\"og:title\" content=\"F-02M Gripper F-Point - Pneumatic Gripper\" \/>\n<meta property=\"og:description\" content=\"pneumatic gripper, gripper, grippers, transfer tool, transfer arms, transfer press, transfer die, transfer solutions, simulation, automation\" \/>\n<meta property=\"og:url\" content=\"https:\/\/f-point.com.tr\/urunler-2\/f-02m-gripper\/\" \/>\n<meta property=\"og:site_name\" content=\"F-Point\" \/>\n<meta property=\"article:modified_time\" content=\"2026-02-26T18:52:08+00:00\" \/>\n<meta property=\"og:image\" content=\"https:\/\/f-point.com.tr\/wp-content\/uploads\/2026\/01\/F-02M-02-30-KAPALI-ONCELIKLI.207.png\" \/>\n\t<meta property=\"og:image:width\" content=\"1920\" \/>\n\t<meta property=\"og:image:height\" content=\"1200\" \/>\n\t<meta property=\"og:image:type\" content=\"image\/png\" \/>\n<meta name=\"twitter:card\" content=\"summary_large_image\" \/>\n<meta name=\"twitter:label1\" content=\"Est. reading time\" \/>\n\t<meta name=\"twitter:data1\" content=\"1 minute\" \/>\n<script type=\"application\/ld+json\" class=\"yoast-schema-graph\">{\"@context\":\"https:\/\/schema.org\",\"@graph\":[{\"@type\":\"WebPage\",\"@id\":\"https:\/\/f-point.com.tr\/urunler-2\/f-02m-gripper\/\",\"url\":\"https:\/\/f-point.com.tr\/urunler-2\/f-02m-gripper\/\",\"name\":\"F-02M Gripper F-Point - Pneumatic Gripper\",\"isPartOf\":{\"@id\":\"https:\/\/f-point.com.tr\/#website\"},\"primaryImageOfPage\":{\"@id\":\"https:\/\/f-point.com.tr\/urunler-2\/f-02m-gripper\/#primaryimage\"},\"image\":{\"@id\":\"https:\/\/f-point.com.tr\/urunler-2\/f-02m-gripper\/#primaryimage\"},\"thumbnailUrl\":\"https:\/\/f-point.com.tr\/wp-content\/uploads\/2026\/01\/F-02M-02-30-KAPALI-ONCELIKLI.207.png\",\"datePublished\":\"2026-01-30T11:05:34+00:00\",\"dateModified\":\"2026-02-26T18:52:08+00:00\",\"description\":\"pneumatic gripper, gripper, grippers, transfer tool, transfer arms, transfer press, transfer die, transfer solutions, simulation, automation\",\"breadcrumb\":{\"@id\":\"https:\/\/f-point.com.tr\/urunler-2\/f-02m-gripper\/#breadcrumb\"},\"inLanguage\":\"en-US\",\"potentialAction\":[{\"@type\":\"ReadAction\",\"target\":[\"https:\/\/f-point.com.tr\/urunler-2\/f-02m-gripper\/\"]}]},{\"@type\":\"ImageObject\",\"inLanguage\":\"en-US\",\"@id\":\"https:\/\/f-point.com.tr\/urunler-2\/f-02m-gripper\/#primaryimage\",\"url\":\"https:\/\/f-point.com.tr\/wp-content\/uploads\/2026\/01\/F-02M-02-30-KAPALI-ONCELIKLI.207.png\",\"contentUrl\":\"https:\/\/f-point.com.tr\/wp-content\/uploads\/2026\/01\/F-02M-02-30-KAPALI-ONCELIKLI.207.png\",\"width\":1920,\"height\":1200},{\"@type\":\"BreadcrumbList\",\"@id\":\"https:\/\/f-point.com.tr\/urunler-2\/f-02m-gripper\/#breadcrumb\",\"itemListElement\":[{\"@type\":\"ListItem\",\"position\":1,\"name\":\"Anasayfa\",\"item\":\"https:\/\/f-point.com.tr\/\"},{\"@type\":\"ListItem\",\"position\":2,\"name\":\"\u00dcR\u00dcNLER\",\"item\":\"https:\/\/f-point.com.tr\/urunler-2\/\"},{\"@type\":\"ListItem\",\"position\":3,\"name\":\"F-02M Gripper\"}]},{\"@type\":\"WebSite\",\"@id\":\"https:\/\/f-point.com.tr\/#website\",\"url\":\"https:\/\/f-point.com.tr\/\",\"name\":\"F-Point\",\"description\":\"f-point\",\"potentialAction\":[{\"@type\":\"SearchAction\",\"target\":{\"@type\":\"EntryPoint\",\"urlTemplate\":\"https:\/\/f-point.com.tr\/?s={search_term_string}\"},\"query-input\":\"required name=search_term_string\"}],\"inLanguage\":\"en-US\"}]}<\/script>\n<!-- \/ Yoast SEO plugin. -->","yoast_head_json":{"title":"F-02M Gripper F-Point - Pneumatic Gripper","description":"pneumatic gripper, gripper, grippers, transfer tool, transfer arms, transfer press, transfer die, transfer solutions, simulation, automation","robots":{"index":"index","follow":"follow","max-snippet":"max-snippet:-1","max-image-preview":"max-image-preview:large","max-video-preview":"max-video-preview:-1"},"canonical":"https:\/\/f-point.com.tr\/urunler-2\/f-02m-gripper\/","og_locale":"en_US","og_type":"article","og_title":"F-02M Gripper F-Point - Pneumatic Gripper","og_description":"pneumatic gripper, gripper, grippers, transfer tool, transfer arms, transfer press, transfer die, transfer solutions, simulation, automation","og_url":"https:\/\/f-point.com.tr\/urunler-2\/f-02m-gripper\/","og_site_name":"F-Point","article_modified_time":"2026-02-26T18:52:08+00:00","og_image":[{"width":1920,"height":1200,"url":"https:\/\/f-point.com.tr\/wp-content\/uploads\/2026\/01\/F-02M-02-30-KAPALI-ONCELIKLI.207.png","type":"image\/png"}],"twitter_card":"summary_large_image","twitter_misc":{"Est. reading time":"1 minute"},"schema":{"@context":"https:\/\/schema.org","@graph":[{"@type":"WebPage","@id":"https:\/\/f-point.com.tr\/urunler-2\/f-02m-gripper\/","url":"https:\/\/f-point.com.tr\/urunler-2\/f-02m-gripper\/","name":"F-02M Gripper F-Point - Pneumatic Gripper","isPartOf":{"@id":"https:\/\/f-point.com.tr\/#website"},"primaryImageOfPage":{"@id":"https:\/\/f-point.com.tr\/urunler-2\/f-02m-gripper\/#primaryimage"},"image":{"@id":"https:\/\/f-point.com.tr\/urunler-2\/f-02m-gripper\/#primaryimage"},"thumbnailUrl":"https:\/\/f-point.com.tr\/wp-content\/uploads\/2026\/01\/F-02M-02-30-KAPALI-ONCELIKLI.207.png","datePublished":"2026-01-30T11:05:34+00:00","dateModified":"2026-02-26T18:52:08+00:00","description":"pneumatic gripper, gripper, grippers, transfer tool, transfer arms, transfer press, transfer die, transfer solutions, simulation, automation","breadcrumb":{"@id":"https:\/\/f-point.com.tr\/urunler-2\/f-02m-gripper\/#breadcrumb"},"inLanguage":"en-US","potentialAction":[{"@type":"ReadAction","target":["https:\/\/f-point.com.tr\/urunler-2\/f-02m-gripper\/"]}]},{"@type":"ImageObject","inLanguage":"en-US","@id":"https:\/\/f-point.com.tr\/urunler-2\/f-02m-gripper\/#primaryimage","url":"https:\/\/f-point.com.tr\/wp-content\/uploads\/2026\/01\/F-02M-02-30-KAPALI-ONCELIKLI.207.png","contentUrl":"https:\/\/f-point.com.tr\/wp-content\/uploads\/2026\/01\/F-02M-02-30-KAPALI-ONCELIKLI.207.png","width":1920,"height":1200},{"@type":"BreadcrumbList","@id":"https:\/\/f-point.com.tr\/urunler-2\/f-02m-gripper\/#breadcrumb","itemListElement":[{"@type":"ListItem","position":1,"name":"Anasayfa","item":"https:\/\/f-point.com.tr\/"},{"@type":"ListItem","position":2,"name":"\u00dcR\u00dcNLER","item":"https:\/\/f-point.com.tr\/urunler-2\/"},{"@type":"ListItem","position":3,"name":"F-02M Gripper"}]},{"@type":"WebSite","@id":"https:\/\/f-point.com.tr\/#website","url":"https:\/\/f-point.com.tr\/","name":"F-Point","description":"f-point","potentialAction":[{"@type":"SearchAction","target":{"@type":"EntryPoint","urlTemplate":"https:\/\/f-point.com.tr\/?s={search_term_string}"},"query-input":"required name=search_term_string"}],"inLanguage":"en-US"}]}},"_links":{"self":[{"href":"https:\/\/f-point.com.tr\/en\/wp-json\/wp\/v2\/pages\/1669","targetHints":{"allow":["GET"]}}],"collection":[{"href":"https:\/\/f-point.com.tr\/en\/wp-json\/wp\/v2\/pages"}],"about":[{"href":"https:\/\/f-point.com.tr\/en\/wp-json\/wp\/v2\/types\/page"}],"author":[{"embeddable":true,"href":"https:\/\/f-point.com.tr\/en\/wp-json\/wp\/v2\/users\/1"}],"replies":[{"embeddable":true,"href":"https:\/\/f-point.com.tr\/en\/wp-json\/wp\/v2\/comments?post=1669"}],"version-history":[{"count":7,"href":"https:\/\/f-point.com.tr\/en\/wp-json\/wp\/v2\/pages\/1669\/revisions"}],"predecessor-version":[{"id":1749,"href":"https:\/\/f-point.com.tr\/en\/wp-json\/wp\/v2\/pages\/1669\/revisions\/1749"}],"up":[{"embeddable":true,"href":"https:\/\/f-point.com.tr\/en\/wp-json\/wp\/v2\/pages\/50"}],"wp:featuredmedia":[{"embeddable":true,"href":"https:\/\/f-point.com.tr\/en\/wp-json\/wp\/v2\/media\/1672"}],"wp:attachment":[{"href":"https:\/\/f-point.com.tr\/en\/wp-json\/wp\/v2\/media?parent=1669"}],"curies":[{"name":"wp","href":"https:\/\/api.w.org\/{rel}","templated":true}]}}