{"id":1603,"date":"2024-07-24T14:26:23","date_gmt":"2024-07-24T11:26:23","guid":{"rendered":"https:\/\/f-point.com.tr\/?page_id=1603"},"modified":"2024-07-24T14:26:23","modified_gmt":"2024-07-24T11:26:23","slug":"f-04-12-dosya-indir-2","status":"publish","type":"page","link":"https:\/\/f-point.com.tr\/en\/urunler-2\/f-04-tooling\/f-04-12-tooling-automation-transfer-tool\/f-04-12-dosya-indir-2\/","title":{"rendered":"F-04-12 Dosya \u0130ndir"},"content":{"rendered":"<p>[vc_row][vc_column width=&#8221;5\/6&#8243;][vc_btn title=&#8221;STP dosyas\u0131n\u0131 indirmek i\u00e7in t\u0131klay\u0131n\u0131z&#8221; color=&#8221;warning&#8221; align=&#8221;center&#8221; i_icon_fontawesome=&#8221;fa fa-download&#8221; button_block=&#8221;true&#8221; add_icon=&#8221;true&#8221; el_class=&#8221;icon&#8221; link=&#8221;url:https%3A%2F%2Ff-point.com.tr%2Fwp-content%2Fuploads%2F2024%2F07%2FF-04-12.zip|||&#8221;][\/vc_column][vc_column width=&#8221;1\/6&#8243;][vc_btn title=&#8221;geri&#8221; align=&#8221;center&#8221; i_icon_fontawesome=&#8221;fa fa-reply&#8221; button_block=&#8221;true&#8221; add_icon=&#8221;true&#8221; el_class=&#8221;icon&#8221; link=&#8221;url:javascript%3Ahistory.go(-1)|||&#8221;][\/vc_column][\/vc_row]<\/p>\n","protected":false},"excerpt":{"rendered":"<p>[vc_row][vc_column width=&#8221;5\/6&#8243;][vc_btn title=&#8221;STP dosyas\u0131n\u0131 indirmek i\u00e7in t\u0131klay\u0131n\u0131z&#8221; color=&#8221;warning&#8221; align=&#8221;center&#8221; i_icon_fontawesome=&#8221;fa fa-download&#8221; button_block=&#8221;true&#8221; add_icon=&#8221;true&#8221; el_class=&#8221;icon&#8221; link=&#8221;url:https%3A%2F%2Ff-point.com.tr%2Fwp-content%2Fuploads%2F2024%2F07%2FF-04-12.zip|||&#8221;][\/vc_column][vc_column width=&#8221;1\/6&#8243;][vc_btn title=&#8221;geri&#8221; align=&#8221;center&#8221; i_icon_fontawesome=&#8221;fa fa-reply&#8221; button_block=&#8221;true&#8221; &#8230;<\/p>\n","protected":false},"author":1,"featured_media":0,"parent":753,"menu_order":0,"comment_status":"closed","ping_status":"closed","template":"","meta":{"footnotes":""},"class_list":["post-1603","page","type-page","status-publish","hentry"],"yoast_head":"<!-- This site is optimized with the Yoast SEO plugin v22.9 - https:\/\/yoast.com\/wordpress\/plugins\/seo\/ -->\n<title>F-04-12 Dosya \u0130ndir - F-Point<\/title>\n<meta name=\"robots\" content=\"index, follow, max-snippet:-1, max-image-preview:large, max-video-preview:-1\" \/>\n<link rel=\"canonical\" href=\"https:\/\/f-point.com.tr\/urunler-2\/f-04-tooling\/f-04-12-tooling-automation-transfer-tool\/f-04-12-dosya-indir-2\/\" \/>\n<meta property=\"og:locale\" content=\"en_US\" \/>\n<meta property=\"og:type\" content=\"article\" \/>\n<meta property=\"og:title\" content=\"F-04-12 Dosya \u0130ndir - F-Point\" \/>\n<meta property=\"og:description\" content=\"[vc_row][vc_column width=&#8221;5\/6&#8243;][vc_btn title=&#8221;STP dosyas\u0131n\u0131 indirmek i\u00e7in t\u0131klay\u0131n\u0131z&#8221; color=&#8221;warning&#8221; align=&#8221;center&#8221; i_icon_fontawesome=&#8221;fa fa-download&#8221; button_block=&#8221;true&#8221; add_icon=&#8221;true&#8221; el_class=&#8221;icon&#8221; link=&#8221;url:https%3A%2F%2Ff-point.com.tr%2Fwp-content%2Fuploads%2F2024%2F07%2FF-04-12.zip|||&#8221;][\/vc_column][vc_column width=&#8221;1\/6&#8243;][vc_btn title=&#8221;geri&#8221; align=&#8221;center&#8221; i_icon_fontawesome=&#8221;fa fa-reply&#8221; button_block=&#8221;true&#8221; ...\" \/>\n<meta property=\"og:url\" content=\"https:\/\/f-point.com.tr\/urunler-2\/f-04-tooling\/f-04-12-tooling-automation-transfer-tool\/f-04-12-dosya-indir-2\/\" \/>\n<meta property=\"og:site_name\" content=\"F-Point\" \/>\n<meta name=\"twitter:card\" content=\"summary_large_image\" \/>\n<meta name=\"twitter:label1\" content=\"Est. reading time\" \/>\n\t<meta name=\"twitter:data1\" content=\"1 minute\" \/>\n<script type=\"application\/ld+json\" class=\"yoast-schema-graph\">{\"@context\":\"https:\/\/schema.org\",\"@graph\":[{\"@type\":\"WebPage\",\"@id\":\"https:\/\/f-point.com.tr\/urunler-2\/f-04-tooling\/f-04-12-tooling-automation-transfer-tool\/f-04-12-dosya-indir-2\/\",\"url\":\"https:\/\/f-point.com.tr\/urunler-2\/f-04-tooling\/f-04-12-tooling-automation-transfer-tool\/f-04-12-dosya-indir-2\/\",\"name\":\"F-04-12 Dosya \u0130ndir - F-Point\",\"isPartOf\":{\"@id\":\"https:\/\/f-point.com.tr\/#website\"},\"datePublished\":\"2024-07-24T11:26:23+00:00\",\"dateModified\":\"2024-07-24T11:26:23+00:00\",\"breadcrumb\":{\"@id\":\"https:\/\/f-point.com.tr\/urunler-2\/f-04-tooling\/f-04-12-tooling-automation-transfer-tool\/f-04-12-dosya-indir-2\/#breadcrumb\"},\"inLanguage\":\"en-US\",\"potentialAction\":[{\"@type\":\"ReadAction\",\"target\":[\"https:\/\/f-point.com.tr\/urunler-2\/f-04-tooling\/f-04-12-tooling-automation-transfer-tool\/f-04-12-dosya-indir-2\/\"]}]},{\"@type\":\"BreadcrumbList\",\"@id\":\"https:\/\/f-point.com.tr\/urunler-2\/f-04-tooling\/f-04-12-tooling-automation-transfer-tool\/f-04-12-dosya-indir-2\/#breadcrumb\",\"itemListElement\":[{\"@type\":\"ListItem\",\"position\":1,\"name\":\"Anasayfa\",\"item\":\"https:\/\/f-point.com.tr\/\"},{\"@type\":\"ListItem\",\"position\":2,\"name\":\"\u00dcR\u00dcNLER\",\"item\":\"https:\/\/f-point.com.tr\/urunler-2\/\"},{\"@type\":\"ListItem\",\"position\":3,\"name\":\"F-04 Tool\u0131ng Equ\u0131pments\",\"item\":\"https:\/\/f-point.com.tr\/urunler-2\/f-04-tooling\/\"},{\"@type\":\"ListItem\",\"position\":4,\"name\":\"F-04-12\",\"item\":\"https:\/\/f-point.com.tr\/urunler-2\/f-04-tooling\/f-04-12-tooling-automation-transfer-tool\/\"},{\"@type\":\"ListItem\",\"position\":5,\"name\":\"F-04-12 Dosya \u0130ndir\"}]},{\"@type\":\"WebSite\",\"@id\":\"https:\/\/f-point.com.tr\/#website\",\"url\":\"https:\/\/f-point.com.tr\/\",\"name\":\"F-Point\",\"description\":\"f-point\",\"potentialAction\":[{\"@type\":\"SearchAction\",\"target\":{\"@type\":\"EntryPoint\",\"urlTemplate\":\"https:\/\/f-point.com.tr\/?s={search_term_string}\"},\"query-input\":\"required name=search_term_string\"}],\"inLanguage\":\"en-US\"}]}<\/script>\n<!-- \/ Yoast SEO plugin. -->","yoast_head_json":{"title":"F-04-12 Dosya \u0130ndir - F-Point","robots":{"index":"index","follow":"follow","max-snippet":"max-snippet:-1","max-image-preview":"max-image-preview:large","max-video-preview":"max-video-preview:-1"},"canonical":"https:\/\/f-point.com.tr\/urunler-2\/f-04-tooling\/f-04-12-tooling-automation-transfer-tool\/f-04-12-dosya-indir-2\/","og_locale":"en_US","og_type":"article","og_title":"F-04-12 Dosya \u0130ndir - F-Point","og_description":"[vc_row][vc_column width=&#8221;5\/6&#8243;][vc_btn title=&#8221;STP dosyas\u0131n\u0131 indirmek i\u00e7in t\u0131klay\u0131n\u0131z&#8221; color=&#8221;warning&#8221; align=&#8221;center&#8221; i_icon_fontawesome=&#8221;fa fa-download&#8221; button_block=&#8221;true&#8221; add_icon=&#8221;true&#8221; el_class=&#8221;icon&#8221; link=&#8221;url:https%3A%2F%2Ff-point.com.tr%2Fwp-content%2Fuploads%2F2024%2F07%2FF-04-12.zip|||&#8221;][\/vc_column][vc_column width=&#8221;1\/6&#8243;][vc_btn title=&#8221;geri&#8221; align=&#8221;center&#8221; i_icon_fontawesome=&#8221;fa fa-reply&#8221; button_block=&#8221;true&#8221; ...","og_url":"https:\/\/f-point.com.tr\/urunler-2\/f-04-tooling\/f-04-12-tooling-automation-transfer-tool\/f-04-12-dosya-indir-2\/","og_site_name":"F-Point","twitter_card":"summary_large_image","twitter_misc":{"Est. reading time":"1 minute"},"schema":{"@context":"https:\/\/schema.org","@graph":[{"@type":"WebPage","@id":"https:\/\/f-point.com.tr\/urunler-2\/f-04-tooling\/f-04-12-tooling-automation-transfer-tool\/f-04-12-dosya-indir-2\/","url":"https:\/\/f-point.com.tr\/urunler-2\/f-04-tooling\/f-04-12-tooling-automation-transfer-tool\/f-04-12-dosya-indir-2\/","name":"F-04-12 Dosya \u0130ndir - F-Point","isPartOf":{"@id":"https:\/\/f-point.com.tr\/#website"},"datePublished":"2024-07-24T11:26:23+00:00","dateModified":"2024-07-24T11:26:23+00:00","breadcrumb":{"@id":"https:\/\/f-point.com.tr\/urunler-2\/f-04-tooling\/f-04-12-tooling-automation-transfer-tool\/f-04-12-dosya-indir-2\/#breadcrumb"},"inLanguage":"en-US","potentialAction":[{"@type":"ReadAction","target":["https:\/\/f-point.com.tr\/urunler-2\/f-04-tooling\/f-04-12-tooling-automation-transfer-tool\/f-04-12-dosya-indir-2\/"]}]},{"@type":"BreadcrumbList","@id":"https:\/\/f-point.com.tr\/urunler-2\/f-04-tooling\/f-04-12-tooling-automation-transfer-tool\/f-04-12-dosya-indir-2\/#breadcrumb","itemListElement":[{"@type":"ListItem","position":1,"name":"Anasayfa","item":"https:\/\/f-point.com.tr\/"},{"@type":"ListItem","position":2,"name":"\u00dcR\u00dcNLER","item":"https:\/\/f-point.com.tr\/urunler-2\/"},{"@type":"ListItem","position":3,"name":"F-04 Tool\u0131ng Equ\u0131pments","item":"https:\/\/f-point.com.tr\/urunler-2\/f-04-tooling\/"},{"@type":"ListItem","position":4,"name":"F-04-12","item":"https:\/\/f-point.com.tr\/urunler-2\/f-04-tooling\/f-04-12-tooling-automation-transfer-tool\/"},{"@type":"ListItem","position":5,"name":"F-04-12 Dosya \u0130ndir"}]},{"@type":"WebSite","@id":"https:\/\/f-point.com.tr\/#website","url":"https:\/\/f-point.com.tr\/","name":"F-Point","description":"f-point","potentialAction":[{"@type":"SearchAction","target":{"@type":"EntryPoint","urlTemplate":"https:\/\/f-point.com.tr\/?s={search_term_string}"},"query-input":"required name=search_term_string"}],"inLanguage":"en-US"}]}},"_links":{"self":[{"href":"https:\/\/f-point.com.tr\/en\/wp-json\/wp\/v2\/pages\/1603","targetHints":{"allow":["GET"]}}],"collection":[{"href":"https:\/\/f-point.com.tr\/en\/wp-json\/wp\/v2\/pages"}],"about":[{"href":"https:\/\/f-point.com.tr\/en\/wp-json\/wp\/v2\/types\/page"}],"author":[{"embeddable":true,"href":"https:\/\/f-point.com.tr\/en\/wp-json\/wp\/v2\/users\/1"}],"replies":[{"embeddable":true,"href":"https:\/\/f-point.com.tr\/en\/wp-json\/wp\/v2\/comments?post=1603"}],"version-history":[{"count":1,"href":"https:\/\/f-point.com.tr\/en\/wp-json\/wp\/v2\/pages\/1603\/revisions"}],"predecessor-version":[{"id":1605,"href":"https:\/\/f-point.com.tr\/en\/wp-json\/wp\/v2\/pages\/1603\/revisions\/1605"}],"up":[{"embeddable":true,"href":"https:\/\/f-point.com.tr\/en\/wp-json\/wp\/v2\/pages\/753"}],"wp:attachment":[{"href":"https:\/\/f-point.com.tr\/en\/wp-json\/wp\/v2\/media?parent=1603"}],"curies":[{"name":"wp","href":"https:\/\/api.w.org\/{rel}","templated":true}]}}