{"id":1417,"date":"2024-07-22T14:33:04","date_gmt":"2024-07-22T11:33:04","guid":{"rendered":"https:\/\/f-point.com.tr\/?page_id=1417"},"modified":"2024-07-22T14:38:00","modified_gmt":"2024-07-22T11:38:00","slug":"f-02u-02-30-60d-gripper","status":"publish","type":"page","link":"https:\/\/f-point.com.tr\/en\/urunler-2\/f-02u-60d-grippers\/f-02u-02-30-60d-gripper\/","title":{"rendered":"F-02U-02-30-60D Gripper"},"content":{"rendered":"<p>[vc_row row_type=&#8221;row_full_center_content&#8221;][vc_column width=&#8221;1\/2&#8243;][vc_column_text]<img decoding=\"async\" class=\"alignnone size-full wp-image-1404\" src=\"https:\/\/f-point.com.tr\/wp-content\/uploads\/2024\/07\/F-02U-02-30-60D.jpg\" alt=\"\" width=\"1080\" height=\"1080\" srcset=\"https:\/\/f-point.com.tr\/wp-content\/uploads\/2024\/07\/F-02U-02-30-60D.jpg 1080w, https:\/\/f-point.com.tr\/wp-content\/uploads\/2024\/07\/F-02U-02-30-60D-300x300.jpg 300w, https:\/\/f-point.com.tr\/wp-content\/uploads\/2024\/07\/F-02U-02-30-60D-1024x1024.jpg 1024w, https:\/\/f-point.com.tr\/wp-content\/uploads\/2024\/07\/F-02U-02-30-60D-150x150.jpg 150w, https:\/\/f-point.com.tr\/wp-content\/uploads\/2024\/07\/F-02U-02-30-60D-768x768.jpg 768w\" sizes=\"(max-width: 1080px) 100vw, 1080px\" \/>[\/vc_column_text][\/vc_column][vc_column width=&#8221;1\/2&#8243;][vc_tta_tour][vc_tta_section i_icon_fontawesome=&#8221;fa fa-cubes&#8221; add_icon=&#8221;true&#8221; title=&#8221;3D&#8221; tab_id=&#8221;1670687804362-8452800a-6fc0&#8243; el_class=&#8221;icon&#8221;][vc_raw_html]JTNDaWZyYW1lJTIwd2lkdGglM0QlMjIxMDAlMjUlMjIlMjBoZWlnaHQlM0QlMjIzMjAlMjIlMjBzcmMlM0QlMjJodHRwcyUzQSUyRiUyRmIyYi5wYXJ0Y29tbXVuaXR5LmNvbSUyRmNvbW11bml0eSUyRnBhcnRjbG91ZCUyRmVtYmVkZGVkLmh0bWwlM0Zyb3V0ZSUzRGVtYmVkZGVkJTI2bmFtZSUzREYtMDJVLTAyLTMwJTJCLTYwRCUyNm1vZGVsX2lkJTNEMTY0NzUzJTI2cG9ydGFsJTNEcGFydGNsb3VkJTI2c2hvd0Rlc2NyaXB0aW9uJTNEdHJ1ZSUyNnNob3dMaWNlbnNlJTNEdHJ1ZSUyNnNob3dEb3dubG9hZEJ1dHRvbiUzRGZhbHNlJTI2c2hvd0hvdHNwb3RzJTNEZmFsc2UlMjZub0F1dG9sb2FkJTNEdHJ1ZSUyNmF1dG9Sb3RhdGUlM0RmYWxzZSUyNmhpZGVNZW51JTNEZmFsc2UlMjZ0b3BDb2xvciUzRCUyNTIzZGRlN2VkJTI2Ym90dG9tQ29sb3IlM0QlMjUyM2ZmZmZmZiUyNmNhbWVyYVBhcmFtcyUzRGZhbHNlJTI2dmFyc2V0dHJhbnNmZXIlM0QlMjIlMjBmcmFtZWJvcmRlciUzRCUyMjAlMjIlMjBpZCUzRCUyMkVtYmVkZGVkVmlldy1JZnJhbWUtMTY0NzUzJTIyJTIwYWxsb3dmdWxsc2NyZWVuJTNFJTNDJTJGaWZyYW1lJTNF[\/vc_raw_html][\/vc_tta_section][vc_tta_section i_icon_fontawesome=&#8221;fa fa-cloud-download&#8221; add_icon=&#8221;true&#8221; title=&#8221;STP&#8221; tab_id=&#8221;1670687804403-282e3c0a-e0f9&#8243; el_class=&#8221;icon&#8221;][vc_btn title=&#8221;Dosya indir&#8221; color=&#8221;warning&#8221; size=&#8221;lg&#8221; align=&#8221;center&#8221; button_block=&#8221;true&#8221; link=&#8221;url:https%3A%2F%2Ff-point.com.tr%2Furunler-2%2Ff-02u-60d-grippers%2Ff-02u-02-30-60d-gripper%2Ff-02u-02-30-60d-dosya-indir%2F|title:F01%2001%2015%20A%C3%A7%C4%B1k%20Girppen%20Dosya%20%C4%B0ndir||&#8221;][\/vc_tta_section][\/vc_tta_tour][\/vc_column][\/vc_row][vc_row row_type=&#8221;row_full_center_content&#8221; bg_color=&#8221;#676767&#8243; padding_top=&#8221;40&#8243; padding_bottom=&#8221;40&#8243; class=&#8221;yazi&#8221;][vc_column]\n\t<div class=\"custom-heading wpb_content_element  text-center\">\n\t\t<h2 class=\"heading-title\"  style=\"color: #ffffff;\">\u00dcr\u00fcn A\u00e7\u0131klamas\u0131<\/h2>\n\t\t<span class=\"heading-line primary\"><\/span>\n\t<\/div>[vc_column_text el_class=&#8221;yazi&#8221;]<\/p>\n<p style=\"text-align: center;\">Gripper \u00f6l\u00e7\u00fc de\u011ferleri <a href=\"https:\/\/f-point.com.tr\/katalog-indir\/\">katalog<\/a> \u00fczerinden al\u0131nabilir.<\/p>\n<p>[\/vc_column_text][\/vc_column][\/vc_row][vc_row][vc_column]\n\t<div class=\"child-page-wrapper \">\n\t\t\t<script type=\"text\/javascript\">\n\t\t\t\tjQuery(document).ready(function(){\n\t\t\t\t\t\"use strict\";\n\t\t\t\t\tjQuery(\".carousel-wrapper-69e5141bc1080\").slick({\n\t\t\t\t\t\trtl: false,\n\t\t\t\t\t\tslidesToShow: 4,\n                        autoplay: true ,\n                        autoplaySpeed: 3000 ,\n                        speed: 300 ,\n\t\t\t\t\t\tslidesToScroll: 1,\n\t\t\t\t\t\tdraggable: false,\n\t\t\t\t\t\tprevArrow: \"<span class='carousel-prev'><i class='fa fa-angle-left'><\/i><\/span>\",\n        \t\t\t\tnextArrow: \"<span class='carousel-next'><i class='fa fa-angle-right'><\/i><\/span>\",\n        \t\t\t\tresponsive: [{\n\t\t\t\t\t\t    breakpoint: 1024,\n\t\t\t\t\t\t    settings: {\n\t\t\t\t\t\t    slidesToShow: 4\n\t\t\t\t\t\t    }\n\t\t\t\t\t\t},\n\t\t\t\t\t\t{\n\t\t\t\t\t\t    breakpoint: 600,\n\t\t\t\t\t\t    settings: {\n\t\t\t\t\t\t    slidesToShow: 2\n\t\t\t\t\t\t    }\n\t\t\t\t\t\t},\n\t\t\t\t\t\t{\n\t\t\t\t\t\t    breakpoint: 480,\n\t\t\t\t\t\t    settings: {\n\t\t\t\t\t\t    slidesToShow: 1\n\t\t\t\t\t\t    }\n\t\t\t\t\t\t}]\n\t\t\t\t\t});\n\t\t\t\t});\n\t\t\t<\/script>\n\t\t<div class=\"grid-wrapper grid-4-columns grid-row carousel-wrapper-69e5141bc1080\">\n\t\t\t<div class=\"grid-item grid-sm-6 grid-md-3\">\n\t\t\t\t<div class=\"grid-thumbnail\">\n\t\t\t\t\t<a href=\"https:\/\/f-point.com.tr\/en\/urunler-2\/f-02-grippers\/f-02-02-30-gripper-pneumatic-gripper-transfer-arms\/\" title=\"F-02-02-30 Gripper\"><img decoding=\"async\" width=\"600\" height=\"300\" src=\"https:\/\/f-point.com.tr\/wp-content\/uploads\/2023\/03\/F-02-02-30-kapali-scaled-e1679596751544-600x300.jpg\" class=\"attachment-medium-thumb size-medium-thumb wp-post-image\" alt=\"F-02-02-30 Gripper pneumatic grippers transfer arms\" srcset=\"https:\/\/f-point.com.tr\/wp-content\/uploads\/2023\/03\/F-02-02-30-kapali-scaled-e1679596751544-600x300.jpg 600w, https:\/\/f-point.com.tr\/wp-content\/uploads\/2023\/03\/F-02-02-30-kapali-scaled-e1679596751544-400x200.jpg 400w, https:\/\/f-point.com.tr\/wp-content\/uploads\/2023\/03\/F-02-02-30-kapali-scaled-e1679596751544-800x400.jpg 800w\" sizes=\"(max-width: 600px) 100vw, 600px\" \/><\/a>\n\t\t\t\t<\/div>\n\t\t\t\t<h3 class=\"grid-title\"><a href=\"https:\/\/f-point.com.tr\/en\/urunler-2\/f-02-grippers\/f-02-02-30-gripper-pneumatic-gripper-transfer-arms\/\" rel=\"bookmark\">F-02-02-30 Gripper<\/a><\/h3>\n\n\t\t\t\t<p>[vc_row row_type=&#8221;row_full_center_content&#8221;][vc_column width=&#8221;1\/2&#8243;][vc_column_text][\/vc_column_text][\/vc_column][vc_column width=&#8221;1\/2&#8243;][vc_tta_tour][vc_tta_section i_icon_fontawesome=&#8221;fa fa-cubes&#8221; add_icon=&#8221;true&#8221; title=&#8221;3D&#8221; tab_id=&#8221;1670687804362-8452800a-6fc0&#8243; el_class=&#8221;icon&#8221;][vc_raw_html]JTNDaWZyYW1lJTIwd2lkdGglM0QlMjIxMDAlMjUlMjIlMjBoZWlnaHQlM0QlMjIzMjAlMjIlMjBzcmMlM0QlMjJodHRwcyUzQSUyRiUyRmIyYi5wYXJ0Y29tbXVuaXR5LmNvbSUyRmNvbW11bml0eSUyRnBhcnRjbG91ZCUyRmVtYmVkZGVkLmh0bWwlM0Zyb3V0ZSUzRGVtYmVkZGVkJTI2bmFtZSUzREYtMDItMDItMzAlMkJHUiUyNUM0JTI1QjBQUEVSJTI2bW9kZWxfaWQlM0QxMzQ5NzclMjZwb3J0YWwlM0RwYXJ0Y2xvdWQlMjZzaG93RGVzY3JpcHRpb24lM0RmYWxzZSUyNnNob3dMaWNlbnNlJTNEZmFsc2UlMjZzaG93RG93bmxvYWRCdXR0b24lM0RmYWxzZSUyNnNob3dIb3RzcG90cyUzRGZhbHNlJTI2bm9BdXRvbG9hZCUzRGZhbHNlJTI2YXV0b1JvdGF0ZSUzRGZhbHNlJTI2aGlkZU1lbnUlM0RmYWxzZSUyNnRvcENvbG9yJTNEJTI1MjNkZGU3ZWQlMjZib3R0b21Db2xvciUzRCUyNTIzZmZmZmZmJTI2Y2FtZXJhUGFyYW1zJTNEZmFsc2UlMjZ2YXJzZXR0cmFuc2ZlciUzRCUyMiUyMGZyYW1lYm9yZGVyJTNEJTIyMCUyMiUyMGlkJTNEJTIyRW1iZWRkZWRWaWV3LUlmcmFtZS0xMzQ5NzclMjIlMjBhbGxvd2Z1bGxzY3JlZW4lM0UlM0MlMkZpZnJhbWUlM0U=[\/vc_raw_html][\/vc_tta_section][vc_tta_section i_icon_fontawesome=&#8221;fa fa-cloud-download&#8221; add_icon=&#8221;true&#8221; title=&#8221;STP&#8221; tab_id=&#8221;1670687804403-282e3c0a-e0f9&#8243; el_class=&#8221;icon&#8221;][vc_btn title=&#8221;Dosya indir&#8221; color=&#8221;warning&#8221; size=&#8221;lg&#8221; align=&#8221;center&#8221; ...<\/p>\n\n\t\t\t\t<a class=\"grid-more\" href=\"https:\/\/f-point.com.tr\/en\/urunler-2\/f-02-grippers\/f-02-02-30-gripper-pneumatic-gripper-transfer-arms\/\" title=\"F-02-02-30 Gripper\">devam\u0131<\/a>\n\n\t\t\t<\/div>\n\t\t\t\n\t\t\t<div class=\"grid-item grid-sm-6 grid-md-3\">\n\t\t\t\t<div class=\"grid-thumbnail\">\n\t\t\t\t\t<a href=\"https:\/\/f-point.com.tr\/en\/urunler-2\/f-02-grippers\/f-02-01-15-uz-gripper-transfer-arms\/\" title=\"F-02-01-15-UZ Gripper\"><img decoding=\"async\" width=\"600\" height=\"300\" src=\"https:\/\/f-point.com.tr\/wp-content\/uploads\/2023\/03\/F-02-04-15-UZ-scaled-e1679598814694-600x300.jpg\" class=\"attachment-medium-thumb size-medium-thumb wp-post-image\" alt=\"pneumatic grippers; transfer arms; transfer press; transfer tool;\" srcset=\"https:\/\/f-point.com.tr\/wp-content\/uploads\/2023\/03\/F-02-04-15-UZ-scaled-e1679598814694-600x300.jpg 600w, https:\/\/f-point.com.tr\/wp-content\/uploads\/2023\/03\/F-02-04-15-UZ-scaled-e1679598814694-400x200.jpg 400w, https:\/\/f-point.com.tr\/wp-content\/uploads\/2023\/03\/F-02-04-15-UZ-scaled-e1679598814694-800x400.jpg 800w\" sizes=\"(max-width: 600px) 100vw, 600px\" \/><\/a>\n\t\t\t\t<\/div>\n\t\t\t\t<h3 class=\"grid-title\"><a href=\"https:\/\/f-point.com.tr\/en\/urunler-2\/f-02-grippers\/f-02-01-15-uz-gripper-transfer-arms\/\" rel=\"bookmark\">F-02-01-15-UZ Gripper<\/a><\/h3>\n\n\t\t\t\t<p>[vc_row row_type=&#8221;row_full_center_content&#8221;][vc_column width=&#8221;1\/2&#8243;][vc_column_text][\/vc_column_text][\/vc_column][vc_column width=&#8221;1\/2&#8243;][vc_tta_tour][vc_tta_section i_icon_fontawesome=&#8221;fa fa-cubes&#8221; add_icon=&#8221;true&#8221; title=&#8221;3D&#8221; tab_id=&#8221;1670687804362-8452800a-6fc0&#8243; el_class=&#8221;icon&#8221;][vc_raw_html]JTNDaWZyYW1lJTIwd2lkdGglM0QlMjIxMDAlMjUlMjIlMjBoZWlnaHQlM0QlMjIzMjAlMjIlMjBzcmMlM0QlMjJodHRwcyUzQSUyRiUyRmIyYi5wYXJ0Y29tbXVuaXR5LmNvbSUyRmNvbW11bml0eSUyRnBhcnRjbG91ZCUyRmVtYmVkZGVkLmh0bWwlM0Zyb3V0ZSUzRGVtYmVkZGVkJTI2bmFtZSUzREYtMDItMDEtMTUtVVolMjZtb2RlbF9pZCUzRDEzNDk5MSUyNnBvcnRhbCUzRHBhcnRjbG91ZCUyNnNob3dEZXNjcmlwdGlvbiUzRGZhbHNlJTI2c2hvd0xpY2Vuc2UlM0RmYWxzZSUyNnNob3dEb3dubG9hZEJ1dHRvbiUzRGZhbHNlJTI2c2hvd0hvdHNwb3RzJTNEZmFsc2UlMjZub0F1dG9sb2FkJTNEZmFsc2UlMjZhdXRvUm90YXRlJTNEZmFsc2UlMjZoaWRlTWVudSUzRGZhbHNlJTI2dG9wQ29sb3IlM0QlMjUyM2RkZTdlZCUyNmJvdHRvbUNvbG9yJTNEJTI1MjNmZmZmZmYlMjZjYW1lcmFQYXJhbXMlM0RmYWxzZSUyNnZhcnNldHRyYW5zZmVyJTNEJTIyJTIwZnJhbWVib3JkZXIlM0QlMjIwJTIyJTIwaWQlM0QlMjJFbWJlZGRlZFZpZXctSWZyYW1lLTEzNDk5MSUyMiUyMGFsbG93ZnVsbHNjcmVlbiUzRSUzQyUyRmlmcmFtZSUzRQ==[\/vc_raw_html][\/vc_tta_section][vc_tta_section i_icon_fontawesome=&#8221;fa fa-cloud-download&#8221; add_icon=&#8221;true&#8221; title=&#8221;STP&#8221; tab_id=&#8221;1670687804403-282e3c0a-e0f9&#8243; el_class=&#8221;icon&#8221;][vc_btn title=&#8221;Dosya indir&#8221; color=&#8221;warning&#8221; size=&#8221;lg&#8221; align=&#8221;center&#8221; ...<\/p>\n\n\t\t\t\t<a class=\"grid-more\" href=\"https:\/\/f-point.com.tr\/en\/urunler-2\/f-02-grippers\/f-02-01-15-uz-gripper-transfer-arms\/\" title=\"F-02-01-15-UZ Gripper\">devam\u0131<\/a>\n\n\t\t\t<\/div>\n\t\t\t\n\t\t\t<div class=\"grid-item grid-sm-6 grid-md-3\">\n\t\t\t\t<div class=\"grid-thumbnail\">\n\t\t\t\t\t<a href=\"https:\/\/f-point.com.tr\/en\/urunler-2\/f-02-grippers\/f-02-03-60-gripper-pneumatic-grippers-transfer-arms\/\" title=\"F-02-03-60 Gripper\"><img decoding=\"async\" width=\"600\" height=\"300\" src=\"https:\/\/f-point.com.tr\/wp-content\/uploads\/2023\/03\/F-02-03-60-1-scaled-e1679599721113-600x300.jpg\" class=\"attachment-medium-thumb size-medium-thumb wp-post-image\" alt=\"F-02-03-60 Gripper\" srcset=\"https:\/\/f-point.com.tr\/wp-content\/uploads\/2023\/03\/F-02-03-60-1-scaled-e1679599721113-600x300.jpg 600w, https:\/\/f-point.com.tr\/wp-content\/uploads\/2023\/03\/F-02-03-60-1-scaled-e1679599721113-400x200.jpg 400w, https:\/\/f-point.com.tr\/wp-content\/uploads\/2023\/03\/F-02-03-60-1-scaled-e1679599721113-800x400.jpg 800w\" sizes=\"(max-width: 600px) 100vw, 600px\" \/><\/a>\n\t\t\t\t<\/div>\n\t\t\t\t<h3 class=\"grid-title\"><a href=\"https:\/\/f-point.com.tr\/en\/urunler-2\/f-02-grippers\/f-02-03-60-gripper-pneumatic-grippers-transfer-arms\/\" rel=\"bookmark\">F-02-03-60 Gripper<\/a><\/h3>\n\n\t\t\t\t<p>[vc_row row_type=&#8221;row_full_center_content&#8221;][vc_column width=&#8221;1\/2&#8243;][vc_column_text][\/vc_column_text][\/vc_column][vc_column width=&#8221;1\/2&#8243;][vc_tta_tour][vc_tta_section i_icon_fontawesome=&#8221;fa fa-cubes&#8221; add_icon=&#8221;true&#8221; title=&#8221;3D&#8221; tab_id=&#8221;1670687804362-8452800a-6fc0&#8243; el_class=&#8221;icon&#8221;][vc_raw_html]JTNDaWZyYW1lJTIwd2lkdGglM0QlMjIxMDAlMjUlMjIlMjBoZWlnaHQlM0QlMjIzMjAlMjIlMjBzcmMlM0QlMjJodHRwcyUzQSUyRiUyRmIyYi5wYXJ0Y29tbXVuaXR5LmNvbSUyRmNvbW11bml0eSUyRnBhcnRjbG91ZCUyRmVtYmVkZGVkLmh0bWwlM0Zyb3V0ZSUzRGVtYmVkZGVkJTI2bmFtZSUzREYtMDItMDMtNjAlMjZtb2RlbF9pZCUzRDEzNDk5NSUyNnBvcnRhbCUzRHBhcnRjbG91ZCUyNnNob3dEZXNjcmlwdGlvbiUzRGZhbHNlJTI2c2hvd0xpY2Vuc2UlM0RmYWxzZSUyNnNob3dEb3dubG9hZEJ1dHRvbiUzRGZhbHNlJTI2c2hvd0hvdHNwb3RzJTNEZmFsc2UlMjZub0F1dG9sb2FkJTNEZmFsc2UlMjZhdXRvUm90YXRlJTNEZmFsc2UlMjZoaWRlTWVudSUzRGZhbHNlJTI2dG9wQ29sb3IlM0QlMjUyM2RkZTdlZCUyNmJvdHRvbUNvbG9yJTNEJTI1MjNmZmZmZmYlMjZjYW1lcmFQYXJhbXMlM0RmYWxzZSUyNnZhcnNldHRyYW5zZmVyJTNEJTIyJTIwZnJhbWVib3JkZXIlM0QlMjIwJTIyJTIwaWQlM0QlMjJFbWJlZGRlZFZpZXctSWZyYW1lLTEzNDk5NSUyMiUyMGFsbG93ZnVsbHNjcmVlbiUzRSUzQyUyRmlmcmFtZSUzRQ==[\/vc_raw_html][\/vc_tta_section][vc_tta_section i_icon_fontawesome=&#8221;fa fa-cloud-download&#8221; add_icon=&#8221;true&#8221; title=&#8221;STP&#8221; tab_id=&#8221;1670687804403-282e3c0a-e0f9&#8243; el_class=&#8221;icon&#8221;][vc_btn title=&#8221;Dosya indir&#8221; color=&#8221;warning&#8221; size=&#8221;lg&#8221; align=&#8221;center&#8221; ...<\/p>\n\n\t\t\t\t<a class=\"grid-more\" href=\"https:\/\/f-point.com.tr\/en\/urunler-2\/f-02-grippers\/f-02-03-60-gripper-pneumatic-grippers-transfer-arms\/\" title=\"F-02-03-60 Gripper\">devam\u0131<\/a>\n\n\t\t\t<\/div>\n\t\t\t\n\t\t\t<div class=\"grid-item grid-sm-6 grid-md-3\">\n\t\t\t\t<div class=\"grid-thumbnail\">\n\t\t\t\t\t<a href=\"https:\/\/f-point.com.tr\/en\/urunler-2\/f-02-grippers\/f-02-01-15-gripper-pneumatic-grippers-transfer-press\/\" title=\"F-02-01-15 Gripper\"><img decoding=\"async\" width=\"600\" height=\"300\" src=\"https:\/\/f-point.com.tr\/wp-content\/uploads\/2023\/03\/F-02-01-15-scaled-e1679596409687-600x300.jpg\" class=\"attachment-medium-thumb size-medium-thumb wp-post-image\" alt=\"F-02-01-15 Gripper\" srcset=\"https:\/\/f-point.com.tr\/wp-content\/uploads\/2023\/03\/F-02-01-15-scaled-e1679596409687-600x300.jpg 600w, https:\/\/f-point.com.tr\/wp-content\/uploads\/2023\/03\/F-02-01-15-scaled-e1679596409687-400x200.jpg 400w, https:\/\/f-point.com.tr\/wp-content\/uploads\/2023\/03\/F-02-01-15-scaled-e1679596409687-800x400.jpg 800w\" sizes=\"(max-width: 600px) 100vw, 600px\" \/><\/a>\n\t\t\t\t<\/div>\n\t\t\t\t<h3 class=\"grid-title\"><a href=\"https:\/\/f-point.com.tr\/en\/urunler-2\/f-02-grippers\/f-02-01-15-gripper-pneumatic-grippers-transfer-press\/\" rel=\"bookmark\">F-02-01-15 Gripper<\/a><\/h3>\n\n\t\t\t\t<p>[vc_row row_type=&#8221;row_full_center_content&#8221;][vc_column width=&#8221;1\/2&#8243;][vc_column_text][\/vc_column_text][\/vc_column][vc_column width=&#8221;1\/2&#8243;][vc_tta_tour][vc_tta_section i_icon_fontawesome=&#8221;fa fa-cubes&#8221; add_icon=&#8221;true&#8221; title=&#8221;3D&#8221; tab_id=&#8221;1670687804362-8452800a-6fc0&#8243; el_class=&#8221;icon&#8221;][vc_raw_html]JTNDaWZyYW1lJTIwd2lkdGglM0QlMjIxMDAlMjUlMjIlMjBoZWlnaHQlM0QlMjIzMjAlMjIlMjBzcmMlM0QlMjJodHRwcyUzQSUyRiUyRmIyYi5wYXJ0Y29tbXVuaXR5LmNvbSUyRmNvbW11bml0eSUyRnBhcnRjbG91ZCUyRmVtYmVkZGVkLmh0bWwlM0Zyb3V0ZSUzRGVtYmVkZGVkJTI2bmFtZSUzREYtMDItMDEtMTUlMjZtb2RlbF9pZCUzRDEzNDk4NyUyNnBvcnRhbCUzRHBhcnRjbG91ZCUyNnNob3dEZXNjcmlwdGlvbiUzRGZhbHNlJTI2c2hvd0xpY2Vuc2UlM0RmYWxzZSUyNnNob3dEb3dubG9hZEJ1dHRvbiUzRGZhbHNlJTI2c2hvd0hvdHNwb3RzJTNEZmFsc2UlMjZub0F1dG9sb2FkJTNEZmFsc2UlMjZhdXRvUm90YXRlJTNEZmFsc2UlMjZoaWRlTWVudSUzRGZhbHNlJTI2dG9wQ29sb3IlM0QlMjUyM2RkZTdlZCUyNmJvdHRvbUNvbG9yJTNEJTI1MjNmZmZmZmYlMjZjYW1lcmFQYXJhbXMlM0RmYWxzZSUyNnZhcnNldHRyYW5zZmVyJTNEJTIyJTIwZnJhbWVib3JkZXIlM0QlMjIwJTIyJTIwaWQlM0QlMjJFbWJlZGRlZFZpZXctSWZyYW1lLTEzNDk4NyUyMiUyMGFsbG93ZnVsbHNjcmVlbiUzRSUzQyUyRmlmcmFtZSUzRQ==[\/vc_raw_html][\/vc_tta_section][vc_tta_section i_icon_fontawesome=&#8221;fa fa-cloud-download&#8221; add_icon=&#8221;true&#8221; title=&#8221;STP&#8221; tab_id=&#8221;1670687804403-282e3c0a-e0f9&#8243; el_class=&#8221;icon&#8221;][vc_btn title=&#8221;Dosya indir&#8221; color=&#8221;warning&#8221; size=&#8221;lg&#8221; align=&#8221;center&#8221; ...<\/p>\n\n\t\t\t\t<a class=\"grid-more\" href=\"https:\/\/f-point.com.tr\/en\/urunler-2\/f-02-grippers\/f-02-01-15-gripper-pneumatic-grippers-transfer-press\/\" title=\"F-02-01-15 Gripper\">devam\u0131<\/a>\n\n\t\t\t<\/div>\n\t\t\t\n\t\t<\/div>\n\t<\/div>[\/vc_column][\/vc_row]<\/p>\n","protected":false},"excerpt":{"rendered":"<p>[vc_row row_type=&#8221;row_full_center_content&#8221;][vc_column width=&#8221;1\/2&#8243;][vc_column_text][\/vc_column_text][\/vc_column][vc_column width=&#8221;1\/2&#8243;][vc_tta_tour][vc_tta_section i_icon_fontawesome=&#8221;fa fa-cubes&#8221; add_icon=&#8221;true&#8221; title=&#8221;3D&#8221; tab_id=&#8221;1670687804362-8452800a-6fc0&#8243; el_class=&#8221;icon&#8221;][vc_raw_html]JTNDaWZyYW1lJTIwd2lkdGglM0QlMjIxMDAlMjUlMjIlMjBoZWlnaHQlM0QlMjIzMjAlMjIlMjBzcmMlM0QlMjJodHRwcyUzQSUyRiUyRmIyYi5wYXJ0Y29tbXVuaXR5LmNvbSUyRmNvbW11bml0eSUyRnBhcnRjbG91ZCUyRmVtYmVkZGVkLmh0bWwlM0Zyb3V0ZSUzRGVtYmVkZGVkJTI2bmFtZSUzREYtMDJVLTAyLTMwJTJCLTYwRCUyNm1vZGVsX2lkJTNEMTY0NzUzJTI2cG9ydGFsJTNEcGFydGNsb3VkJTI2c2hvd0Rlc2NyaXB0aW9uJTNEdHJ1ZSUyNnNob3dMaWNlbnNlJTNEdHJ1ZSUyNnNob3dEb3dubG9hZEJ1dHRvbiUzRGZhbHNlJTI2c2hvd0hvdHNwb3RzJTNEZmFsc2UlMjZub0F1dG9sb2FkJTNEdHJ1ZSUyNmF1dG9Sb3RhdGUlM0RmYWxzZSUyNmhpZGVNZW51JTNEZmFsc2UlMjZ0b3BDb2xvciUzRCUyNTIzZGRlN2VkJTI2Ym90dG9tQ29sb3IlM0QlMjUyM2ZmZmZmZiUyNmNhbWVyYVBhcmFtcyUzRGZhbHNlJTI2dmFyc2V0dHJhbnNmZXIlM0QlMjIlMjBmcmFtZWJvcmRlciUzRCUyMjAlMjIlMjBpZCUzRCUyMkVtYmVkZGVkVmlldy1JZnJhbWUtMTY0NzUzJTIyJTIwYWxsb3dmdWxsc2NyZWVuJTNFJTNDJTJGaWZyYW1lJTNF[\/vc_raw_html][\/vc_tta_section][vc_tta_section i_icon_fontawesome=&#8221;fa fa-cloud-download&#8221; add_icon=&#8221;true&#8221; title=&#8221;STP&#8221; tab_id=&#8221;1670687804403-282e3c0a-e0f9&#8243; el_class=&#8221;icon&#8221;][vc_btn title=&#8221;Dosya indir&#8221; color=&#8221;warning&#8221; size=&#8221;lg&#8221; align=&#8221;center&#8221; &#8230;<\/p>\n","protected":false},"author":1,"featured_media":1404,"parent":1403,"menu_order":2,"comment_status":"closed","ping_status":"closed","template":"","meta":{"footnotes":""},"class_list":["post-1417","page","type-page","status-publish","has-post-thumbnail","hentry"],"yoast_head":"<!-- This site is optimized with the Yoast SEO plugin v22.9 - https:\/\/yoast.com\/wordpress\/plugins\/seo\/ -->\n<title>F-02U-02-30-60D Gripper F-Point - Pneumatic Gripper<\/title>\n<meta name=\"description\" content=\"pneumatic gripper, gripper, grippers, transfer tool, transfer arms, transfer press, transfer die, transfer solutions, simulation, automation\" \/>\n<meta name=\"robots\" content=\"index, follow, max-snippet:-1, max-image-preview:large, max-video-preview:-1\" \/>\n<link rel=\"canonical\" href=\"https:\/\/f-point.com.tr\/urunler-2\/f-02u-60d-grippers\/f-02u-02-30-60d-gripper\/\" \/>\n<meta property=\"og:locale\" content=\"en_US\" \/>\n<meta property=\"og:type\" content=\"article\" \/>\n<meta property=\"og:title\" content=\"F-02U-02-30-60D Gripper F-Point - Pneumatic Gripper\" \/>\n<meta property=\"og:description\" content=\"pneumatic gripper, gripper, grippers, transfer tool, transfer arms, transfer press, transfer die, transfer solutions, simulation, automation\" \/>\n<meta property=\"og:url\" content=\"https:\/\/f-point.com.tr\/urunler-2\/f-02u-60d-grippers\/f-02u-02-30-60d-gripper\/\" \/>\n<meta property=\"og:site_name\" content=\"F-Point\" \/>\n<meta property=\"article:modified_time\" content=\"2024-07-22T11:38:00+00:00\" \/>\n<meta property=\"og:image\" content=\"https:\/\/f-point.com.tr\/wp-content\/uploads\/2024\/07\/F-02U-02-30-60D.jpg\" \/>\n\t<meta property=\"og:image:width\" content=\"1080\" \/>\n\t<meta property=\"og:image:height\" content=\"1080\" \/>\n\t<meta property=\"og:image:type\" content=\"image\/jpeg\" \/>\n<meta name=\"twitter:card\" content=\"summary_large_image\" \/>\n<meta name=\"twitter:label1\" content=\"Est. reading time\" \/>\n\t<meta name=\"twitter:data1\" content=\"1 minute\" \/>\n<script type=\"application\/ld+json\" class=\"yoast-schema-graph\">{\"@context\":\"https:\/\/schema.org\",\"@graph\":[{\"@type\":\"WebPage\",\"@id\":\"https:\/\/f-point.com.tr\/urunler-2\/f-02u-60d-grippers\/f-02u-02-30-60d-gripper\/\",\"url\":\"https:\/\/f-point.com.tr\/urunler-2\/f-02u-60d-grippers\/f-02u-02-30-60d-gripper\/\",\"name\":\"F-02U-02-30-60D Gripper F-Point - Pneumatic Gripper\",\"isPartOf\":{\"@id\":\"https:\/\/f-point.com.tr\/#website\"},\"primaryImageOfPage\":{\"@id\":\"https:\/\/f-point.com.tr\/urunler-2\/f-02u-60d-grippers\/f-02u-02-30-60d-gripper\/#primaryimage\"},\"image\":{\"@id\":\"https:\/\/f-point.com.tr\/urunler-2\/f-02u-60d-grippers\/f-02u-02-30-60d-gripper\/#primaryimage\"},\"thumbnailUrl\":\"https:\/\/f-point.com.tr\/wp-content\/uploads\/2024\/07\/F-02U-02-30-60D.jpg\",\"datePublished\":\"2024-07-22T11:33:04+00:00\",\"dateModified\":\"2024-07-22T11:38:00+00:00\",\"description\":\"pneumatic gripper, gripper, grippers, transfer tool, transfer arms, transfer press, transfer die, transfer solutions, simulation, automation\",\"breadcrumb\":{\"@id\":\"https:\/\/f-point.com.tr\/urunler-2\/f-02u-60d-grippers\/f-02u-02-30-60d-gripper\/#breadcrumb\"},\"inLanguage\":\"en-US\",\"potentialAction\":[{\"@type\":\"ReadAction\",\"target\":[\"https:\/\/f-point.com.tr\/urunler-2\/f-02u-60d-grippers\/f-02u-02-30-60d-gripper\/\"]}]},{\"@type\":\"ImageObject\",\"inLanguage\":\"en-US\",\"@id\":\"https:\/\/f-point.com.tr\/urunler-2\/f-02u-60d-grippers\/f-02u-02-30-60d-gripper\/#primaryimage\",\"url\":\"https:\/\/f-point.com.tr\/wp-content\/uploads\/2024\/07\/F-02U-02-30-60D.jpg\",\"contentUrl\":\"https:\/\/f-point.com.tr\/wp-content\/uploads\/2024\/07\/F-02U-02-30-60D.jpg\",\"width\":1080,\"height\":1080},{\"@type\":\"BreadcrumbList\",\"@id\":\"https:\/\/f-point.com.tr\/urunler-2\/f-02u-60d-grippers\/f-02u-02-30-60d-gripper\/#breadcrumb\",\"itemListElement\":[{\"@type\":\"ListItem\",\"position\":1,\"name\":\"Anasayfa\",\"item\":\"https:\/\/f-point.com.tr\/\"},{\"@type\":\"ListItem\",\"position\":2,\"name\":\"\u00dcR\u00dcNLER\",\"item\":\"https:\/\/f-point.com.tr\/urunler-2\/\"},{\"@type\":\"ListItem\",\"position\":3,\"name\":\"F-02U-60D Gr\u0131ppers\",\"item\":\"https:\/\/f-point.com.tr\/urunler-2\/f-02u-60d-grippers\/\"},{\"@type\":\"ListItem\",\"position\":4,\"name\":\"F-02U-02-30-60D Gripper\"}]},{\"@type\":\"WebSite\",\"@id\":\"https:\/\/f-point.com.tr\/#website\",\"url\":\"https:\/\/f-point.com.tr\/\",\"name\":\"F-Point\",\"description\":\"f-point\",\"potentialAction\":[{\"@type\":\"SearchAction\",\"target\":{\"@type\":\"EntryPoint\",\"urlTemplate\":\"https:\/\/f-point.com.tr\/?s={search_term_string}\"},\"query-input\":\"required name=search_term_string\"}],\"inLanguage\":\"en-US\"}]}<\/script>\n<!-- \/ Yoast SEO plugin. -->","yoast_head_json":{"title":"F-02U-02-30-60D Gripper F-Point - Pneumatic Gripper","description":"pneumatic gripper, gripper, grippers, transfer tool, transfer arms, transfer press, transfer die, transfer solutions, simulation, automation","robots":{"index":"index","follow":"follow","max-snippet":"max-snippet:-1","max-image-preview":"max-image-preview:large","max-video-preview":"max-video-preview:-1"},"canonical":"https:\/\/f-point.com.tr\/urunler-2\/f-02u-60d-grippers\/f-02u-02-30-60d-gripper\/","og_locale":"en_US","og_type":"article","og_title":"F-02U-02-30-60D Gripper F-Point - Pneumatic Gripper","og_description":"pneumatic gripper, gripper, grippers, transfer tool, transfer arms, transfer press, transfer die, transfer solutions, simulation, automation","og_url":"https:\/\/f-point.com.tr\/urunler-2\/f-02u-60d-grippers\/f-02u-02-30-60d-gripper\/","og_site_name":"F-Point","article_modified_time":"2024-07-22T11:38:00+00:00","og_image":[{"width":1080,"height":1080,"url":"https:\/\/f-point.com.tr\/wp-content\/uploads\/2024\/07\/F-02U-02-30-60D.jpg","type":"image\/jpeg"}],"twitter_card":"summary_large_image","twitter_misc":{"Est. reading time":"1 minute"},"schema":{"@context":"https:\/\/schema.org","@graph":[{"@type":"WebPage","@id":"https:\/\/f-point.com.tr\/urunler-2\/f-02u-60d-grippers\/f-02u-02-30-60d-gripper\/","url":"https:\/\/f-point.com.tr\/urunler-2\/f-02u-60d-grippers\/f-02u-02-30-60d-gripper\/","name":"F-02U-02-30-60D Gripper F-Point - Pneumatic Gripper","isPartOf":{"@id":"https:\/\/f-point.com.tr\/#website"},"primaryImageOfPage":{"@id":"https:\/\/f-point.com.tr\/urunler-2\/f-02u-60d-grippers\/f-02u-02-30-60d-gripper\/#primaryimage"},"image":{"@id":"https:\/\/f-point.com.tr\/urunler-2\/f-02u-60d-grippers\/f-02u-02-30-60d-gripper\/#primaryimage"},"thumbnailUrl":"https:\/\/f-point.com.tr\/wp-content\/uploads\/2024\/07\/F-02U-02-30-60D.jpg","datePublished":"2024-07-22T11:33:04+00:00","dateModified":"2024-07-22T11:38:00+00:00","description":"pneumatic gripper, gripper, grippers, transfer tool, transfer arms, transfer press, transfer die, transfer solutions, simulation, automation","breadcrumb":{"@id":"https:\/\/f-point.com.tr\/urunler-2\/f-02u-60d-grippers\/f-02u-02-30-60d-gripper\/#breadcrumb"},"inLanguage":"en-US","potentialAction":[{"@type":"ReadAction","target":["https:\/\/f-point.com.tr\/urunler-2\/f-02u-60d-grippers\/f-02u-02-30-60d-gripper\/"]}]},{"@type":"ImageObject","inLanguage":"en-US","@id":"https:\/\/f-point.com.tr\/urunler-2\/f-02u-60d-grippers\/f-02u-02-30-60d-gripper\/#primaryimage","url":"https:\/\/f-point.com.tr\/wp-content\/uploads\/2024\/07\/F-02U-02-30-60D.jpg","contentUrl":"https:\/\/f-point.com.tr\/wp-content\/uploads\/2024\/07\/F-02U-02-30-60D.jpg","width":1080,"height":1080},{"@type":"BreadcrumbList","@id":"https:\/\/f-point.com.tr\/urunler-2\/f-02u-60d-grippers\/f-02u-02-30-60d-gripper\/#breadcrumb","itemListElement":[{"@type":"ListItem","position":1,"name":"Anasayfa","item":"https:\/\/f-point.com.tr\/"},{"@type":"ListItem","position":2,"name":"\u00dcR\u00dcNLER","item":"https:\/\/f-point.com.tr\/urunler-2\/"},{"@type":"ListItem","position":3,"name":"F-02U-60D Gr\u0131ppers","item":"https:\/\/f-point.com.tr\/urunler-2\/f-02u-60d-grippers\/"},{"@type":"ListItem","position":4,"name":"F-02U-02-30-60D Gripper"}]},{"@type":"WebSite","@id":"https:\/\/f-point.com.tr\/#website","url":"https:\/\/f-point.com.tr\/","name":"F-Point","description":"f-point","potentialAction":[{"@type":"SearchAction","target":{"@type":"EntryPoint","urlTemplate":"https:\/\/f-point.com.tr\/?s={search_term_string}"},"query-input":"required name=search_term_string"}],"inLanguage":"en-US"}]}},"_links":{"self":[{"href":"https:\/\/f-point.com.tr\/en\/wp-json\/wp\/v2\/pages\/1417","targetHints":{"allow":["GET"]}}],"collection":[{"href":"https:\/\/f-point.com.tr\/en\/wp-json\/wp\/v2\/pages"}],"about":[{"href":"https:\/\/f-point.com.tr\/en\/wp-json\/wp\/v2\/types\/page"}],"author":[{"embeddable":true,"href":"https:\/\/f-point.com.tr\/en\/wp-json\/wp\/v2\/users\/1"}],"replies":[{"embeddable":true,"href":"https:\/\/f-point.com.tr\/en\/wp-json\/wp\/v2\/comments?post=1417"}],"version-history":[{"count":2,"href":"https:\/\/f-point.com.tr\/en\/wp-json\/wp\/v2\/pages\/1417\/revisions"}],"predecessor-version":[{"id":1421,"href":"https:\/\/f-point.com.tr\/en\/wp-json\/wp\/v2\/pages\/1417\/revisions\/1421"}],"up":[{"embeddable":true,"href":"https:\/\/f-point.com.tr\/en\/wp-json\/wp\/v2\/pages\/1403"}],"wp:featuredmedia":[{"embeddable":true,"href":"https:\/\/f-point.com.tr\/en\/wp-json\/wp\/v2\/media\/1404"}],"wp:attachment":[{"href":"https:\/\/f-point.com.tr\/en\/wp-json\/wp\/v2\/media?parent=1417"}],"curies":[{"name":"wp","href":"https:\/\/api.w.org\/{rel}","templated":true}]}}