{"id":130,"date":"2022-12-10T12:47:30","date_gmt":"2022-12-10T09:47:30","guid":{"rendered":"https:\/\/f-point.com.tr\/?page_id=130"},"modified":"2022-12-10T12:47:30","modified_gmt":"2022-12-10T09:47:30","slug":"teklif-formu","status":"publish","type":"page","link":"https:\/\/f-point.com.tr\/en\/teklif-formu\/","title":{"rendered":"Teklif Formu"},"content":{"rendered":"<p>[vc_row][vc_column]\n<div class=\"wpcf7 no-js\" id=\"wpcf7-f129-o1\" lang=\"tr-TR\" dir=\"ltr\">\n<div class=\"screen-reader-response\"><p role=\"status\" aria-live=\"polite\" aria-atomic=\"true\"><\/p> <ul><\/ul><\/div>\n<form action=\"\/en\/wp-json\/wp\/v2\/pages\/130#wpcf7-f129-o1\" method=\"post\" class=\"wpcf7-form init\" aria-label=\"Contact form\" novalidate=\"novalidate\" data-status=\"init\">\n<div style=\"display: none;\">\n<input type=\"hidden\" name=\"_wpcf7\" value=\"129\" \/>\n<input type=\"hidden\" name=\"_wpcf7_version\" value=\"5.7.4\" \/>\n<input type=\"hidden\" name=\"_wpcf7_locale\" value=\"tr_TR\" \/>\n<input type=\"hidden\" name=\"_wpcf7_unit_tag\" value=\"wpcf7-f129-o1\" \/>\n<input type=\"hidden\" name=\"_wpcf7_container_post\" value=\"0\" \/>\n<input type=\"hidden\" name=\"_wpcf7_posted_data_hash\" value=\"\" \/>\n<\/div>\n<div class=\"row_inner_wrapper  clearfix\">\n\t<div class=\"wpb_column vc_column_container vc_col-sm-4\" style=\"padding:0px;\">\n\t\t<div class=\"form-item\">\n\t\t\t<p><label><br \/>\nAd\u0131n\u0131z Soyad\u0131n\u0131z *<br \/>\n<\/label><br \/>\n<span class=\"wpcf7-form-control-wrap\" data-name=\"your-name\"><input size=\"40\" class=\"wpcf7-form-control wpcf7-text wpcf7-validates-as-required\" aria-required=\"true\" aria-invalid=\"false\" value=\"\" type=\"text\" name=\"your-name\" \/><\/span>\n\t\t\t<\/p>\n\t\t<\/div>\n\t<\/div>\n\t<div class=\"wpb_column vc_column_container vc_col-sm-4\" style=\"padding:0px 0px 0px 0px;\">\n\t\t<div class=\"form-item\">\n\t\t\t<p><label><br \/>\nTelefon Numaran\u0131z *<br \/>\n<\/label><br \/>\n<span class=\"wpcf7-form-control-wrap\" data-name=\"tel-688\"><input size=\"40\" class=\"wpcf7-form-control wpcf7-text wpcf7-tel wpcf7-validates-as-required wpcf7-validates-as-tel\" aria-required=\"true\" aria-invalid=\"false\" value=\"\" type=\"tel\" name=\"tel-688\" \/><\/span>\n\t\t\t<\/p>\n\t\t<\/div>\n\t<\/div>\n\t<div class=\"wpb_column vc_column_container vc_col-sm-4\" style=\"padding:0px 0px 0px 0px;\">\n\t\t<div class=\"form-item\">\n\t\t\t<p><label><br \/>\nE-posta Adresiniz *<br \/>\n<\/label><br \/>\n<span class=\"wpcf7-form-control-wrap\" data-name=\"your-email\"><input size=\"40\" class=\"wpcf7-form-control wpcf7-text wpcf7-email wpcf7-validates-as-required wpcf7-validates-as-email\" aria-required=\"true\" aria-invalid=\"false\" value=\"\" type=\"email\" name=\"your-email\" \/><\/span>\n\t\t\t<\/p>\n\t\t<\/div>\n\t<\/div>\n\t<div style=\"clear:both;\">\n\t<\/div>\n\t<div class=\"wpb_column vc_column_container vc_col-sm-4\" style=\"padding:0px;\">\n\t\t<div class=\"form-item\">\n\t\t\t<p><label for=\"company\"><br \/>\nFirman\u0131z\u0131n Ad\u0131<br \/>\n<\/label><br \/>\n<span class=\"wpcf7-form-control-wrap\" data-name=\"text-582\"><input size=\"40\" class=\"wpcf7-form-control wpcf7-text\" aria-invalid=\"false\" value=\"\" type=\"text\" name=\"text-582\" \/><\/span>\n\t\t\t<\/p>\n\t\t<\/div>\n\t<\/div>\n\t<div class=\"wpb_column vc_column_container vc_col-sm-8\" style=\"padding:0px 0px 0px 0px;\">\n\t\t<div class=\"form-item\">\n\t\t\t<p><label for=\"topic\"><br \/>\nKonu *<br \/>\n<\/label><br \/>\n<span class=\"wpcf7-form-control-wrap\" data-name=\"your-subject\"><input size=\"40\" class=\"wpcf7-form-control wpcf7-text wpcf7-validates-as-required\" aria-required=\"true\" aria-invalid=\"false\" value=\"\" type=\"text\" name=\"your-subject\" \/><\/span>\n\t\t\t<\/p>\n\t\t<\/div>\n\t<\/div>\n\t<div style=\"clear:both;\">\n\t<\/div>\n\t<div class=\"wpb_column vc_column_container vc_col-sm-12\" style=\"padding:0px;\">\n\t\t<div class=\"form-item\">\n\t\t\t<p><label for=\"message\"><br \/>\nMesaj\u0131n\u0131z *<br \/>\n<\/label><br \/>\n<span class=\"wpcf7-form-control-wrap\" data-name=\"your-message\"><textarea cols=\"40\" rows=\"10\" class=\"wpcf7-form-control wpcf7-textarea\" aria-invalid=\"false\" name=\"your-message\"><\/textarea><\/span>\n\t\t\t<\/p>\n\t\t<\/div>\n\t<\/div>\n\t<div style=\"clear:both;\">\n\t<\/div>\n\t<div class=\"wpb_column vc_column_container vc_col-sm-6\" style=\"padding:0px;\">\n\t\t<div class=\"form-item\">\n\t\t\t<p><label for=\"message\"><br \/>\nG\u00fcvenlik Sorusu *<br \/>\n<\/label><br \/>\n<span class=\"wpcf7-form-control-wrap\" data-name=\"quiz-435\"><label><span class=\"wpcf7-quiz-label\">2+2=?<\/span> <input size=\"40\" class=\"wpcf7-form-control wpcf7-quiz\" autocomplete=\"off\" aria-required=\"true\" aria-invalid=\"false\" type=\"text\" name=\"quiz-435\" \/><\/label><input type=\"hidden\" name=\"_wpcf7_quiz_answer_quiz-435\" value=\"0a5a977cfa8d1cc3632e455863973a71\" \/><\/span>\n\t\t\t<\/p>\n\t\t<\/div>\n\t<\/div>\n\t<div class=\"wpb_column vc_column_container vc_col-sm-6\" style=\"padding:0px;\">\n\t\t<p><label for=\"message\"><br \/>\n&nbsp;<br \/>\n<\/label>\n\t\t<\/p>\n\t\t<p><input class=\"wpcf7-form-control has-spinner wpcf7-submit\" type=\"submit\" value=\"G\u00f6nder\" \/>\n\t\t<\/p>\n\t<\/div>\n<\/div>\n<div style=\"clear:both;\">\n<\/div>\n<div class=\"wpcf7-response-output\" aria-hidden=\"true\"><\/div>\n<\/form>\n<\/div>\n[\/vc_column][\/vc_row]<\/p>\n","protected":false},"excerpt":{"rendered":"<p>[vc_row][vc_column][\/vc_column][\/vc_row]<\/p>\n","protected":false},"author":1,"featured_media":0,"parent":0,"menu_order":0,"comment_status":"closed","ping_status":"closed","template":"","meta":{"footnotes":""},"class_list":["post-130","page","type-page","status-publish","hentry"],"yoast_head":"<!-- This site is optimized with the Yoast SEO plugin v22.9 - https:\/\/yoast.com\/wordpress\/plugins\/seo\/ -->\n<title>Teklif Formu - F-Point<\/title>\n<meta name=\"robots\" content=\"index, follow, max-snippet:-1, max-image-preview:large, max-video-preview:-1\" \/>\n<link rel=\"canonical\" href=\"https:\/\/f-point.com.tr\/teklif-formu\/\" \/>\n<meta property=\"og:locale\" content=\"en_US\" \/>\n<meta property=\"og:type\" content=\"article\" \/>\n<meta property=\"og:title\" content=\"Teklif Formu - F-Point\" \/>\n<meta property=\"og:description\" content=\"[vc_row][vc_column][\/vc_column][\/vc_row]\" \/>\n<meta property=\"og:url\" content=\"https:\/\/f-point.com.tr\/teklif-formu\/\" \/>\n<meta property=\"og:site_name\" content=\"F-Point\" \/>\n<meta name=\"twitter:card\" content=\"summary_large_image\" \/>\n<script type=\"application\/ld+json\" class=\"yoast-schema-graph\">{\"@context\":\"https:\/\/schema.org\",\"@graph\":[{\"@type\":\"WebPage\",\"@id\":\"https:\/\/f-point.com.tr\/teklif-formu\/\",\"url\":\"https:\/\/f-point.com.tr\/teklif-formu\/\",\"name\":\"Teklif Formu - F-Point\",\"isPartOf\":{\"@id\":\"https:\/\/f-point.com.tr\/#website\"},\"datePublished\":\"2022-12-10T09:47:30+00:00\",\"dateModified\":\"2022-12-10T09:47:30+00:00\",\"breadcrumb\":{\"@id\":\"https:\/\/f-point.com.tr\/teklif-formu\/#breadcrumb\"},\"inLanguage\":\"en-US\",\"potentialAction\":[{\"@type\":\"ReadAction\",\"target\":[\"https:\/\/f-point.com.tr\/teklif-formu\/\"]}]},{\"@type\":\"BreadcrumbList\",\"@id\":\"https:\/\/f-point.com.tr\/teklif-formu\/#breadcrumb\",\"itemListElement\":[{\"@type\":\"ListItem\",\"position\":1,\"name\":\"Anasayfa\",\"item\":\"https:\/\/f-point.com.tr\/\"},{\"@type\":\"ListItem\",\"position\":2,\"name\":\"Teklif Formu\"}]},{\"@type\":\"WebSite\",\"@id\":\"https:\/\/f-point.com.tr\/#website\",\"url\":\"https:\/\/f-point.com.tr\/\",\"name\":\"F-Point\",\"description\":\"f-point\",\"potentialAction\":[{\"@type\":\"SearchAction\",\"target\":{\"@type\":\"EntryPoint\",\"urlTemplate\":\"https:\/\/f-point.com.tr\/?s={search_term_string}\"},\"query-input\":\"required name=search_term_string\"}],\"inLanguage\":\"en-US\"}]}<\/script>\n<!-- \/ Yoast SEO plugin. -->","yoast_head_json":{"title":"Teklif Formu - F-Point","robots":{"index":"index","follow":"follow","max-snippet":"max-snippet:-1","max-image-preview":"max-image-preview:large","max-video-preview":"max-video-preview:-1"},"canonical":"https:\/\/f-point.com.tr\/teklif-formu\/","og_locale":"en_US","og_type":"article","og_title":"Teklif Formu - F-Point","og_description":"[vc_row][vc_column][\/vc_column][\/vc_row]","og_url":"https:\/\/f-point.com.tr\/teklif-formu\/","og_site_name":"F-Point","twitter_card":"summary_large_image","schema":{"@context":"https:\/\/schema.org","@graph":[{"@type":"WebPage","@id":"https:\/\/f-point.com.tr\/teklif-formu\/","url":"https:\/\/f-point.com.tr\/teklif-formu\/","name":"Teklif Formu - F-Point","isPartOf":{"@id":"https:\/\/f-point.com.tr\/#website"},"datePublished":"2022-12-10T09:47:30+00:00","dateModified":"2022-12-10T09:47:30+00:00","breadcrumb":{"@id":"https:\/\/f-point.com.tr\/teklif-formu\/#breadcrumb"},"inLanguage":"en-US","potentialAction":[{"@type":"ReadAction","target":["https:\/\/f-point.com.tr\/teklif-formu\/"]}]},{"@type":"BreadcrumbList","@id":"https:\/\/f-point.com.tr\/teklif-formu\/#breadcrumb","itemListElement":[{"@type":"ListItem","position":1,"name":"Anasayfa","item":"https:\/\/f-point.com.tr\/"},{"@type":"ListItem","position":2,"name":"Teklif Formu"}]},{"@type":"WebSite","@id":"https:\/\/f-point.com.tr\/#website","url":"https:\/\/f-point.com.tr\/","name":"F-Point","description":"f-point","potentialAction":[{"@type":"SearchAction","target":{"@type":"EntryPoint","urlTemplate":"https:\/\/f-point.com.tr\/?s={search_term_string}"},"query-input":"required name=search_term_string"}],"inLanguage":"en-US"}]}},"_links":{"self":[{"href":"https:\/\/f-point.com.tr\/en\/wp-json\/wp\/v2\/pages\/130","targetHints":{"allow":["GET"]}}],"collection":[{"href":"https:\/\/f-point.com.tr\/en\/wp-json\/wp\/v2\/pages"}],"about":[{"href":"https:\/\/f-point.com.tr\/en\/wp-json\/wp\/v2\/types\/page"}],"author":[{"embeddable":true,"href":"https:\/\/f-point.com.tr\/en\/wp-json\/wp\/v2\/users\/1"}],"replies":[{"embeddable":true,"href":"https:\/\/f-point.com.tr\/en\/wp-json\/wp\/v2\/comments?post=130"}],"version-history":[{"count":1,"href":"https:\/\/f-point.com.tr\/en\/wp-json\/wp\/v2\/pages\/130\/revisions"}],"predecessor-version":[{"id":131,"href":"https:\/\/f-point.com.tr\/en\/wp-json\/wp\/v2\/pages\/130\/revisions\/131"}],"wp:attachment":[{"href":"https:\/\/f-point.com.tr\/en\/wp-json\/wp\/v2\/media?parent=130"}],"curies":[{"name":"wp","href":"https:\/\/api.w.org\/{rel}","templated":true}]}}